{"id":97,"date":"2017-05-17T07:24:08","date_gmt":"2017-05-17T06:24:08","guid":{"rendered":"http:\/\/nicolas-rivault.fr\/?page_id=97"},"modified":"2026-02-19T09:20:22","modified_gmt":"2026-02-19T08:20:22","slug":"geometrie-sacree","status":"publish","type":"page","link":"https:\/\/nicolas-rivault.fr\/index.php\/geometrie-sacree\/","title":{"rendered":"G\u00e9om\u00e9trie sacr\u00e9e"},"content":{"rendered":"<p>Vous trouverez dans les quelques pages suivantes, des explications sur les <strong>formes g\u00e9om\u00e9triques sacr\u00e9es<\/strong> qui g\u00e9n\u00e8rent des <strong>ondes de forme<\/strong> b\u00e9n\u00e9fiques.<\/p>\n<p>Ces formes captent l&rsquo;\u00e9nergie cosmo-tellurique et la r\u00e9-\u00e9mettent par rayonnement tout autour d&rsquo;elles.<\/p>\n<p>Leurs trac\u00e9s r\u00e9guliers, parfois sym\u00e9triques et toujours symboliques, nous transmettent de bonne ondes qui peuvent nous aider dans notre progression vers le bien \u00eatre (\u00e9quilibrage, harmonisation, dynamisation) et la connaissance de soi.<\/p>\n<p>Fabriqu\u00e9s en diverses essences de bois (mat\u00e9riau noble et naturel), elles sont parfois compl\u00e9t\u00e9es d&rsquo;un nuancier de couleur pour renforcer leur capacit\u00e9 d&rsquo;\u00e9mission.<\/p>\n<p>cliquez sur les noms des formes (en bleu) pour acc\u00e9der aux informations<\/p>\n<ul>\n<li>\n<h3><strong><a href=\"http:\/\/nicolas-rivault.fr\/?page_id=100&amp;preview=true\">Graine de vie\u00a0\u00a0<\/a><\/strong><\/h3>\n<\/li>\n<\/ul>\n<p style=\"padding-left: 30px;\"><img loading=\"lazy\" class=\"alignnone wp-image-106 size-thumbnail\" src=\"http:\/\/nicolas-rivault.fr\/wp-content\/uploads\/2017\/05\/graine-de-vie-light-150x150.jpg\" alt=\"graine de vie light\" width=\"150\" height=\"150\" \/><\/p>\n<ul>\n<li>\n<h3><strong><a href=\"http:\/\/nicolas-rivault.fr\/?page_id=111&amp;preview=true\">Fleur de vie<\/a><\/strong><\/h3>\n<\/li>\n<\/ul>\n<p style=\"padding-left: 30px;\"><img loading=\"lazy\" class=\"alignnone wp-image-129 size-thumbnail\" src=\"http:\/\/nicolas-rivault.fr\/wp-content\/uploads\/2017\/05\/fleur-de-vie-GF-peuplier-light-150x150.jpg\" alt=\"fleur de vie GF peuplier light\" width=\"150\" height=\"150\" \/><\/p>\n<ul>\n<li>\n<h3><strong><a href=\"http:\/\/nicolas-rivault.fr\/?page_id=115&amp;preview=true\">G\u00e9n\u00e9rateur<\/a><\/strong><\/h3>\n<\/li>\n<\/ul>\n<p style=\"padding-left: 30px;\"><img loading=\"lazy\" class=\"alignnone wp-image-105 size-thumbnail\" src=\"http:\/\/nicolas-rivault.fr\/wp-content\/uploads\/2017\/05\/g\u00e9n\u00e9rateur-light-150x150.jpg\" alt=\"g\u00e9n\u00e9rateur light\" width=\"150\" height=\"150\" \/><\/p>\n<ul>\n<li>\n<h3><strong><a href=\"http:\/\/nicolas-rivault.fr\/?page_id=117&amp;preview=true\">Atome<\/a><\/strong><\/h3>\n<\/li>\n<\/ul>\n<p style=\"padding-left: 30px;\"><img loading=\"lazy\" class=\"alignnone wp-image-102 size-thumbnail\" src=\"http:\/\/nicolas-rivault.fr\/wp-content\/uploads\/2017\/05\/atome-light-150x150.jpg\" alt=\"atome light\" width=\"150\" height=\"150\" \/><\/p>\n<ul>\n<li>\n<h3><strong><a href=\"http:\/\/nicolas-rivault.fr\/?page_id=123&amp;preview=true\">Triskels<\/a><\/strong><\/h3>\n<\/li>\n<\/ul>\n<p style=\"padding-left: 30px;\"><img loading=\"lazy\" class=\"alignnone wp-image-108 size-thumbnail\" src=\"http:\/\/nicolas-rivault.fr\/wp-content\/uploads\/2017\/05\/triskel-enroul\u00e9-light-150x150.jpg\" alt=\"triskel enroul\u00e9 light\" width=\"150\" height=\"150\" \/><\/p>\n<ul>\n<li>\n<h3><strong><a href=\"http:\/\/nicolas-rivault.fr\/index.php\/nettoyeur\/\">Nettoyeur<\/a><\/strong><\/h3>\n<\/li>\n<\/ul>\n<p style=\"padding-left: 40px;\"><img loading=\"lazy\" class=\"alignnone wp-image-396 size-thumbnail\" src=\"http:\/\/nicolas-rivault.fr\/wp-content\/uploads\/2021\/09\/Nettoyeur-lite-150x150.jpg\" alt=\"\" width=\"150\" height=\"150\" \/><\/p>\n<ul>\n<li>\n<h3><strong><a href=\"http:\/\/nicolas-rivault.fr\/index.php\/electroprotec\/\">Electroprotec<\/a><\/strong><\/h3>\n<\/li>\n<\/ul>\n<p style=\"padding-left: 40px;\"><img loading=\"lazy\" class=\"alignnone wp-image-414 size-thumbnail\" src=\"http:\/\/nicolas-rivault.fr\/wp-content\/uploads\/2021\/09\/20210711_102409-150x150.jpg\" alt=\"\" width=\"150\" height=\"150\" \/><\/p>\n<ul>\n<li>\n<h3><strong><a href=\"http:\/\/nicolas-rivault.fr\/index.php\/fleur-de-venus\/\">Fleur de V\u00e9nus<\/a><\/strong><\/h3>\n<\/li>\n<\/ul>\n<p style=\"padding-left: 40px;\"><img loading=\"lazy\" class=\"alignnone size-thumbnail wp-image-438\" src=\"http:\/\/nicolas-rivault.fr\/wp-content\/uploads\/2021\/12\/Fleur-de-V\u00e9nus-lite-carr\u00e9e-150x150.jpg\" alt=\"\" width=\"150\" height=\"150\" \/><\/p>\n<ul>\n<li>\n<h3><strong><a href=\"http:\/\/nicolas-rivault.fr\/index.php\/formes-lumineuses\/\">Formes lumineuses<br \/>\n<\/a><\/strong><img loading=\"lazy\" class=\"alignnone size-thumbnail wp-image-290\" src=\"http:\/\/nicolas-rivault.fr\/wp-content\/uploads\/2019\/04\/FDV-multicolor-150x150.jpg\" alt=\"FDV multicolor\" width=\"150\" height=\"150\" \/><\/h3>\n<\/li>\n<\/ul>\n<ul>\n<li>\n<h3><strong><a href=\"http:\/\/nicolas-rivault.fr\/index.php\/Rosaces\/\">Rosaces<\/a><\/strong><\/h3>\n<\/li>\n<\/ul>\n<p style=\"padding-left: 30px;\"><img loading=\"lazy\" class=\"alignnone size-thumbnail wp-image-315\" src=\"http:\/\/nicolas-rivault.fr\/wp-content\/uploads\/2019\/07\/rosace-nnotre-dame-jour-150x150.jpg\" alt=\"rosace nnotre dame jour\" width=\"150\" height=\"150\" \/><\/p>\n<ul>\n<li>\n<h3><strong><a href=\"http:\/\/nicolas-rivault.fr\/index.php\/croix-celtique\/\">Croix celtiques<\/a> <\/strong><\/h3>\n<\/li>\n<\/ul>\n<p style=\"padding-left: 30px;\"><img loading=\"lazy\" class=\"alignnone wp-image-197 size-thumbnail\" src=\"http:\/\/nicolas-rivault.fr\/wp-content\/uploads\/2017\/09\/croix-celtique-petit-format-hetre-150x150.jpg\" alt=\"croix celtique petit format hetre\" width=\"150\" height=\"150\" \/><\/p>\n<p style=\"padding-left: 30px;\">\n<ul>\n<li>\n<h3><strong><a href=\"http:\/\/nicolas-rivault.fr\/index.php\/Medaillon\/\">M\u00e9daillons<\/a><\/strong><\/h3>\n<\/li>\n<\/ul>\n<p style=\"padding-left: 30px;\"><img loading=\"lazy\" class=\"alignnone size-thumbnail wp-image-342\" src=\"http:\/\/nicolas-rivault.fr\/wp-content\/uploads\/2019\/08\/IMG_7356-150x150.jpg\" alt=\"IMG_7356\" width=\"150\" height=\"150\" \/><\/p>\n<p style=\"padding-left: 30px;\">\n<ul>\n<li>\n<h3><strong><a href=\"http:\/\/nicolas-rivault.fr\/index.php\/commandes-speciales\/\">commandes sp\u00e9ciales<\/a><\/strong><\/h3>\n<\/li>\n<\/ul>\n<p style=\"padding-left: 30px;\">\u00a0\u00a0<img loading=\"lazy\" class=\"alignnone wp-image-209\" src=\"http:\/\/nicolas-rivault.fr\/wp-content\/uploads\/2017\/09\/anniversaire-mariage-e1504519766797.jpg\" alt=\"anniversaire mariage\" width=\"268\" height=\"150\" \/><\/p>\n","protected":false},"excerpt":{"rendered":"<p>Vous trouverez dans les quelques pages suivantes, des explications sur les formes g\u00e9om\u00e9triques sacr\u00e9es qui g\u00e9n\u00e8rent des ondes de forme b\u00e9n\u00e9fiques. Ces formes captent l&rsquo;\u00e9nergie cosmo-tellurique et la r\u00e9-\u00e9mettent par rayonnement tout autour d&rsquo;elles. Leurs trac\u00e9s r\u00e9guliers, parfois sym\u00e9triques et &hellip; <a href=\"https:\/\/nicolas-rivault.fr\/index.php\/geometrie-sacree\/\">Lire la suite\u00ad\u00ad<\/a><\/p>\n","protected":false},"author":1,"featured_media":0,"parent":0,"menu_order":0,"comment_status":"closed","ping_status":"closed","template":"","meta":{"kt_blocks_editor_width":"","spay_email":""},"_links":{"self":[{"href":"https:\/\/nicolas-rivault.fr\/index.php\/wp-json\/wp\/v2\/pages\/97"}],"collection":[{"href":"https:\/\/nicolas-rivault.fr\/index.php\/wp-json\/wp\/v2\/pages"}],"about":[{"href":"https:\/\/nicolas-rivault.fr\/index.php\/wp-json\/wp\/v2\/types\/page"}],"author":[{"embeddable":true,"href":"https:\/\/nicolas-rivault.fr\/index.php\/wp-json\/wp\/v2\/users\/1"}],"replies":[{"embeddable":true,"href":"https:\/\/nicolas-rivault.fr\/index.php\/wp-json\/wp\/v2\/comments?post=97"}],"version-history":[{"count":42,"href":"https:\/\/nicolas-rivault.fr\/index.php\/wp-json\/wp\/v2\/pages\/97\/revisions"}],"predecessor-version":[{"id":529,"href":"https:\/\/nicolas-rivault.fr\/index.php\/wp-json\/wp\/v2\/pages\/97\/revisions\/529"}],"wp:attachment":[{"href":"https:\/\/nicolas-rivault.fr\/index.php\/wp-json\/wp\/v2\/media?parent=97"}],"curies":[{"name":"wp","href":"https:\/\/api.w.org\/{rel}","templated":true}]}}