{"id":66,"date":"2016-03-10T21:18:14","date_gmt":"2016-03-10T20:18:14","guid":{"rendered":"http:\/\/nicolas-rivault.fr\/?page_id=66"},"modified":"2019-02-04T20:31:17","modified_gmt":"2019-02-04T19:31:17","slug":"geobio","status":"publish","type":"page","link":"https:\/\/nicolas-rivault.fr\/index.php\/geobio\/","title":{"rendered":"G\u00e9obio"},"content":{"rendered":"<h4><span style=\"color: #333399; text-decoration: underline;\"><strong>G\u00e9obiologie\u00a0:<\/strong><\/span><\/h4>\n<h5>travaux sur les<\/h5>\n<ul>\n<li>\n<h5>lieux d&rsquo;habitation (maisons individuelles, immeubles, \u00e9tables\u2026)<\/h5>\n<\/li>\n<li>\n<h5>locaux commerciaux (bureaux, magasins, cabinet de th\u00e9rapeute, &#8230;)<\/h5>\n<\/li>\n<li>\n<h5>lieux de cultures et de production (jardin, champs, bois, &#8230;)<\/h5>\n<\/li>\n<\/ul>\n<p>&nbsp;<\/p>\n<h4><span style=\"color: #333399; text-decoration: underline;\"><strong>Techniques employ\u00e9es :<\/strong><\/span><\/h4>\n<ul>\n<li>\n<h5>harmonisation \u00e9nerg\u00e9tique<\/h5>\n<\/li>\n<li>\n<h5>utilisation des forces naturelles d\u00e9j\u00e0 existantes sur le lieu<\/h5>\n<\/li>\n<li>\n<h5>utilisation des trac\u00e9s r\u00e9gulateurs (trac\u00e9s sacr\u00e9s) et des ondes li\u00e9es aux formes<\/h5>\n<\/li>\n<\/ul>\n<p>&nbsp;<\/p>\n<p>&nbsp;<\/p>\n<h5><span style=\"color: #333399; text-decoration: underline;\"><strong><img loading=\"lazy\" class=\"alignnone size-large wp-image-88\" src=\"http:\/\/nicolas-rivault.fr\/wp-content\/uploads\/2016\/03\/bois-lumiere-1024x682.jpg\" alt=\"bois lumiere\" width=\"940\" height=\"626\" \/><\/strong><\/span><\/h5>\n","protected":false},"excerpt":{"rendered":"<p>G\u00e9obiologie\u00a0: travaux sur les lieux d&rsquo;habitation (maisons individuelles, immeubles, \u00e9tables\u2026) locaux commerciaux (bureaux, magasins, cabinet de th\u00e9rapeute, &#8230;) lieux de cultures et de production (jardin, champs, bois, &#8230;) &nbsp; Techniques employ\u00e9es : harmonisation \u00e9nerg\u00e9tique utilisation des forces naturelles d\u00e9j\u00e0 existantes &hellip; <a href=\"https:\/\/nicolas-rivault.fr\/index.php\/geobio\/\">Lire la suite\u00ad\u00ad<\/a><\/p>\n","protected":false},"author":1,"featured_media":0,"parent":0,"menu_order":0,"comment_status":"closed","ping_status":"closed","template":"","meta":{"kt_blocks_editor_width":"","spay_email":""},"_links":{"self":[{"href":"https:\/\/nicolas-rivault.fr\/index.php\/wp-json\/wp\/v2\/pages\/66"}],"collection":[{"href":"https:\/\/nicolas-rivault.fr\/index.php\/wp-json\/wp\/v2\/pages"}],"about":[{"href":"https:\/\/nicolas-rivault.fr\/index.php\/wp-json\/wp\/v2\/types\/page"}],"author":[{"embeddable":true,"href":"https:\/\/nicolas-rivault.fr\/index.php\/wp-json\/wp\/v2\/users\/1"}],"replies":[{"embeddable":true,"href":"https:\/\/nicolas-rivault.fr\/index.php\/wp-json\/wp\/v2\/comments?post=66"}],"version-history":[{"count":5,"href":"https:\/\/nicolas-rivault.fr\/index.php\/wp-json\/wp\/v2\/pages\/66\/revisions"}],"predecessor-version":[{"id":272,"href":"https:\/\/nicolas-rivault.fr\/index.php\/wp-json\/wp\/v2\/pages\/66\/revisions\/272"}],"wp:attachment":[{"href":"https:\/\/nicolas-rivault.fr\/index.php\/wp-json\/wp\/v2\/media?parent=66"}],"curies":[{"name":"wp","href":"https:\/\/api.w.org\/{rel}","templated":true}]}}