{"id":53,"date":"2016-03-09T23:18:00","date_gmt":"2016-03-09T22:18:00","guid":{"rendered":"http:\/\/nicolas-rivault.fr\/?page_id=53"},"modified":"2026-02-19T09:22:03","modified_gmt":"2026-02-19T08:22:03","slug":"liens","status":"publish","type":"page","link":"https:\/\/nicolas-rivault.fr\/index.php\/liens\/","title":{"rendered":"Liens"},"content":{"rendered":"<p>Voici quelques liens vers les sites web de personnes en qui j&rsquo;ai totalement confiance<\/p>\n<p><strong>Atelier les 100 ciels\u00a0<\/strong> organis\u00e9s par Kristel Ma femme.<\/p>\n<p>retrouvez ses activit\u00e9s d&rsquo;Art-th\u00e9rapie, d&rsquo;Astrologie, les s\u00e9ances d&rsquo;Enn\u00e9agramme et tous les stages associ\u00e9s.<\/p>\n<p><span style=\"text-decoration: underline;\"><a href=\"https:\/\/www.atelierles100ciels.fr\/\" target=\"_blank\" rel=\"noopener noreferrer\">www.atelierles100ciels.fr<\/a><\/span><\/p>\n<p>Et les liens vers d&rsquo;autres sites amis!<\/p>\n<p><strong>Salon du Bien Etre de Plaisance du touch<\/strong><\/p>\n<p><span style=\"text-decoration: underline;\"><a href=\"http:\/\/salonbienetreplaisance.fr\/\">http:\/\/www.salonbienetreplaisance.fr\/<\/a><\/span><\/p>\n","protected":false},"excerpt":{"rendered":"<p>Voici quelques liens vers les sites web de personnes en qui j&rsquo;ai totalement confiance Atelier les 100 ciels\u00a0 organis\u00e9s par Kristel Ma femme. retrouvez ses activit\u00e9s d&rsquo;Art-th\u00e9rapie, d&rsquo;Astrologie, les s\u00e9ances d&rsquo;Enn\u00e9agramme et tous les stages associ\u00e9s. www.atelierles100ciels.fr Et les liens &hellip; <a href=\"https:\/\/nicolas-rivault.fr\/index.php\/liens\/\">Lire la suite\u00ad\u00ad<\/a><\/p>\n","protected":false},"author":1,"featured_media":0,"parent":0,"menu_order":0,"comment_status":"closed","ping_status":"closed","template":"","meta":{"kt_blocks_editor_width":"","spay_email":""},"_links":{"self":[{"href":"https:\/\/nicolas-rivault.fr\/index.php\/wp-json\/wp\/v2\/pages\/53"}],"collection":[{"href":"https:\/\/nicolas-rivault.fr\/index.php\/wp-json\/wp\/v2\/pages"}],"about":[{"href":"https:\/\/nicolas-rivault.fr\/index.php\/wp-json\/wp\/v2\/types\/page"}],"author":[{"embeddable":true,"href":"https:\/\/nicolas-rivault.fr\/index.php\/wp-json\/wp\/v2\/users\/1"}],"replies":[{"embeddable":true,"href":"https:\/\/nicolas-rivault.fr\/index.php\/wp-json\/wp\/v2\/comments?post=53"}],"version-history":[{"count":13,"href":"https:\/\/nicolas-rivault.fr\/index.php\/wp-json\/wp\/v2\/pages\/53\/revisions"}],"predecessor-version":[{"id":531,"href":"https:\/\/nicolas-rivault.fr\/index.php\/wp-json\/wp\/v2\/pages\/53\/revisions\/531"}],"wp:attachment":[{"href":"https:\/\/nicolas-rivault.fr\/index.php\/wp-json\/wp\/v2\/media?parent=53"}],"curies":[{"name":"wp","href":"https:\/\/api.w.org\/{rel}","templated":true}]}}