{"id":432,"date":"2021-12-08T18:28:41","date_gmt":"2021-12-08T17:28:41","guid":{"rendered":"http:\/\/nicolas-rivault.fr\/?page_id=432"},"modified":"2021-12-08T18:36:49","modified_gmt":"2021-12-08T17:36:49","slug":"fleur-de-venus","status":"publish","type":"page","link":"https:\/\/nicolas-rivault.fr\/index.php\/fleur-de-venus\/","title":{"rendered":"Fleur de V\u00e9nus"},"content":{"rendered":"<p>Ce mandala synth\u00e9tise la reliance entre l&rsquo;\u00e9nergie de la Terre et celle de V\u00e9nus.<\/p>\n<p>Elle permet (hommes et femmes) de nous reconnecter \u00e0 notre f\u00e9minin sacr\u00e9 et d&rsquo;ouvrir peu \u00e0 peu notre chakra du c\u0153ur.<\/p>\n<p><img loading=\"lazy\" class=\"alignnone size-medium wp-image-438\" src=\"http:\/\/nicolas-rivault.fr\/wp-content\/uploads\/2021\/12\/Fleur-de-V\u00e9nus-lite-carr\u00e9e-300x281.jpg\" alt=\"\" width=\"300\" height=\"281\" srcset=\"https:\/\/nicolas-rivault.fr\/wp-content\/uploads\/2021\/12\/Fleur-de-V\u00e9nus-lite-carr\u00e9e-300x281.jpg 300w, https:\/\/nicolas-rivault.fr\/wp-content\/uploads\/2021\/12\/Fleur-de-V\u00e9nus-lite-carr\u00e9e.jpg 562w\" sizes=\"(max-width: 300px) 100vw, 300px\" \/><\/p>\n<p><strong>Tarifs :<\/strong><\/p>\n<ul>\n<li><strong>Petit format<\/strong> (diam\u00e8tre 172 mm):<\/li>\n<\/ul>\n<p style=\"padding-left: 60px;\">en h\u00eatre\u00a0 <strong>70\u20ac<\/strong><\/p>\n<p style=\"padding-left: 60px;\"><strong>\u00a0<\/strong><\/p>\n<ol>\n<li><strong>Grand format<\/strong> (diam\u00e8tre 344 mm)<\/li>\n<\/ol>\n<p style=\"padding-left: 60px;\">en h\u00eatre<strong> 140\u20ac<\/strong><\/p>\n<p style=\"padding-left: 60px;\"><strong>\u00a0<\/strong><\/p>\n","protected":false},"excerpt":{"rendered":"<p>Ce mandala synth\u00e9tise la reliance entre l&rsquo;\u00e9nergie de la Terre et celle de V\u00e9nus. Elle permet (hommes et femmes) de nous reconnecter \u00e0 notre f\u00e9minin sacr\u00e9 et d&rsquo;ouvrir peu \u00e0 peu notre chakra du c\u0153ur. Tarifs : Petit format (diam\u00e8tre &hellip; <a href=\"https:\/\/nicolas-rivault.fr\/index.php\/fleur-de-venus\/\">Lire la suite\u00ad\u00ad<\/a><\/p>\n","protected":false},"author":1,"featured_media":0,"parent":0,"menu_order":0,"comment_status":"closed","ping_status":"closed","template":"","meta":{"kt_blocks_editor_width":"","spay_email":""},"_links":{"self":[{"href":"https:\/\/nicolas-rivault.fr\/index.php\/wp-json\/wp\/v2\/pages\/432"}],"collection":[{"href":"https:\/\/nicolas-rivault.fr\/index.php\/wp-json\/wp\/v2\/pages"}],"about":[{"href":"https:\/\/nicolas-rivault.fr\/index.php\/wp-json\/wp\/v2\/types\/page"}],"author":[{"embeddable":true,"href":"https:\/\/nicolas-rivault.fr\/index.php\/wp-json\/wp\/v2\/users\/1"}],"replies":[{"embeddable":true,"href":"https:\/\/nicolas-rivault.fr\/index.php\/wp-json\/wp\/v2\/comments?post=432"}],"version-history":[{"count":3,"href":"https:\/\/nicolas-rivault.fr\/index.php\/wp-json\/wp\/v2\/pages\/432\/revisions"}],"predecessor-version":[{"id":440,"href":"https:\/\/nicolas-rivault.fr\/index.php\/wp-json\/wp\/v2\/pages\/432\/revisions\/440"}],"wp:attachment":[{"href":"https:\/\/nicolas-rivault.fr\/index.php\/wp-json\/wp\/v2\/media?parent=432"}],"curies":[{"name":"wp","href":"https:\/\/api.w.org\/{rel}","templated":true}]}}