{"id":407,"date":"2021-09-21T08:19:24","date_gmt":"2021-09-21T07:19:24","guid":{"rendered":"http:\/\/nicolas-rivault.fr\/?page_id=407"},"modified":"2023-05-25T12:46:08","modified_gmt":"2023-05-25T11:46:08","slug":"electroprotec","status":"publish","type":"page","link":"https:\/\/nicolas-rivault.fr\/index.php\/electroprotec\/","title":{"rendered":"Electroprotec"},"content":{"rendered":"\n<p>Notre environnement est  baign\u00e9 dans un flot de plus en plus important d&rsquo;ondes \u00e9lectromagn\u00e9tiques.<\/p>\n\n\n\n<p>Ces ondes, vecteur du progr\u00e8s technologique, atteignent nos syst\u00e8mes \u00e9nerg\u00e9tiques et les affaiblissent au jour le jour.<\/p>\n\n\n\n<p>L&rsquo;Electroprotec est un dispositif qui permet d\u2019att\u00e9nuer les effets de ces ondes sur nos auras.<\/p>\n\n\n\n<p>Il suffit de poser la forme sur l\u2019\u00e9metteur de l&rsquo;onde et de le laisser le plus pr\u00e8s possible.<\/p>\n\n\n\n<div class=\"wp-block-image\"><figure class=\"aligncenter\"><img loading=\"lazy\" width=\"300\" height=\"225\" src=\"http:\/\/nicolas-rivault.fr\/wp-content\/uploads\/2021\/09\/20210711_102409-300x225.jpg\" alt=\"\" class=\"wp-image-414\" srcset=\"https:\/\/nicolas-rivault.fr\/wp-content\/uploads\/2021\/09\/20210711_102409-300x225.jpg 300w, https:\/\/nicolas-rivault.fr\/wp-content\/uploads\/2021\/09\/20210711_102409-768x576.jpg 768w, https:\/\/nicolas-rivault.fr\/wp-content\/uploads\/2021\/09\/20210711_102409-1024x768.jpg 1024w\" sizes=\"(max-width: 300px) 100vw, 300px\" \/><\/figure><\/div>\n\n\n\n<p>Ce dispositif combine une forme g\u00e9om\u00e9trique sacr\u00e9e agr\u00e9ment\u00e9 d&rsquo;une programmation \u00e9nerg\u00e9tique sp\u00e9cifique.<\/p>\n\n\n\n<p>Elle peut \u00eatre utilis\u00e9e pour les mobiles et t\u00e9l\u00e9phones type DECT, les box internet et box TV.<\/p>\n\n\n\n<div class=\"wp-block-image\"><figure class=\"aligncenter\"><img loading=\"lazy\" width=\"168\" height=\"300\" src=\"http:\/\/nicolas-rivault.fr\/wp-content\/uploads\/2021\/09\/electroprotec-telephone-168x300.jpg\" alt=\"\" class=\"wp-image-420\" srcset=\"https:\/\/nicolas-rivault.fr\/wp-content\/uploads\/2021\/09\/electroprotec-telephone-168x300.jpg 168w, https:\/\/nicolas-rivault.fr\/wp-content\/uploads\/2021\/09\/electroprotec-telephone.jpg 574w\" sizes=\"(max-width: 168px) 100vw, 168px\" \/><figcaption>traitement d&rsquo;un telephone par apposition d&rsquo;un Electroprotec <\/figcaption><\/figure><\/div>\n\n\n\n<div class=\"wp-block-image\"><figure class=\"aligncenter\"><img loading=\"lazy\" width=\"168\" height=\"300\" src=\"http:\/\/nicolas-rivault.fr\/wp-content\/uploads\/2021\/09\/IMAG3372-168x300.jpg\" alt=\"\" class=\"wp-image-415\" srcset=\"https:\/\/nicolas-rivault.fr\/wp-content\/uploads\/2021\/09\/IMAG3372-168x300.jpg 168w, https:\/\/nicolas-rivault.fr\/wp-content\/uploads\/2021\/09\/IMAG3372-768x1370.jpg 768w, https:\/\/nicolas-rivault.fr\/wp-content\/uploads\/2021\/09\/IMAG3372-574x1024.jpg 574w\" sizes=\"(max-width: 168px) 100vw, 168px\" \/><figcaption>Electroprotec sur une box internet<\/figcaption><\/figure><\/div>\n\n\n\n<p>Elle permet aussi de limiter les pollutions \u00e9lectromagn\u00e9tiques des compteurs intelligents.<\/p>\n\n\n\n<div class=\"wp-block-image\"><figure class=\"aligncenter\"><img loading=\"lazy\" width=\"300\" height=\"225\" src=\"http:\/\/nicolas-rivault.fr\/wp-content\/uploads\/2021\/09\/20210507_110505-300x225.jpg\" alt=\"\" class=\"wp-image-412\" srcset=\"https:\/\/nicolas-rivault.fr\/wp-content\/uploads\/2021\/09\/20210507_110505-300x225.jpg 300w, https:\/\/nicolas-rivault.fr\/wp-content\/uploads\/2021\/09\/20210507_110505-768x576.jpg 768w, https:\/\/nicolas-rivault.fr\/wp-content\/uploads\/2021\/09\/20210507_110505-1024x768.jpg 1024w\" sizes=\"(max-width: 300px) 100vw, 300px\" \/><figcaption>Electroprotec sur un compteur de gaz intelligent<\/figcaption><\/figure><\/div>\n\n\n\n<div class=\"wp-block-image\"><figure class=\"aligncenter\"><img loading=\"lazy\" width=\"168\" height=\"300\" src=\"http:\/\/nicolas-rivault.fr\/wp-content\/uploads\/2021\/09\/electroprotec-compteur-168x300.jpg\" alt=\"\" class=\"wp-image-411\" srcset=\"https:\/\/nicolas-rivault.fr\/wp-content\/uploads\/2021\/09\/electroprotec-compteur-168x300.jpg 168w, https:\/\/nicolas-rivault.fr\/wp-content\/uploads\/2021\/09\/electroprotec-compteur.jpg 574w\" sizes=\"(max-width: 168px) 100vw, 168px\" \/><figcaption>Electroprotec pos\u00e9 sur un compteur \u00e9lectrique classique<\/figcaption><\/figure><\/div>\n\n\n\n<p><strong>Tarifs :  <\/strong>de 40 \u00e0 100 \u20ac  suivant le format et le bois.<\/p>\n","protected":false},"excerpt":{"rendered":"<p>Notre environnement est baign\u00e9 dans un flot de plus en plus important d&rsquo;ondes \u00e9lectromagn\u00e9tiques. Ces ondes, vecteur du progr\u00e8s technologique, atteignent nos syst\u00e8mes \u00e9nerg\u00e9tiques et les affaiblissent au jour le jour. L&rsquo;Electroprotec est un dispositif qui permet d\u2019att\u00e9nuer les effets &hellip; <a href=\"https:\/\/nicolas-rivault.fr\/index.php\/electroprotec\/\">Lire la suite\u00ad\u00ad<\/a><\/p>\n","protected":false},"author":1,"featured_media":0,"parent":0,"menu_order":0,"comment_status":"closed","ping_status":"closed","template":"","meta":{"kt_blocks_editor_width":"","spay_email":""},"_links":{"self":[{"href":"https:\/\/nicolas-rivault.fr\/index.php\/wp-json\/wp\/v2\/pages\/407"}],"collection":[{"href":"https:\/\/nicolas-rivault.fr\/index.php\/wp-json\/wp\/v2\/pages"}],"about":[{"href":"https:\/\/nicolas-rivault.fr\/index.php\/wp-json\/wp\/v2\/types\/page"}],"author":[{"embeddable":true,"href":"https:\/\/nicolas-rivault.fr\/index.php\/wp-json\/wp\/v2\/users\/1"}],"replies":[{"embeddable":true,"href":"https:\/\/nicolas-rivault.fr\/index.php\/wp-json\/wp\/v2\/comments?post=407"}],"version-history":[{"count":6,"href":"https:\/\/nicolas-rivault.fr\/index.php\/wp-json\/wp\/v2\/pages\/407\/revisions"}],"predecessor-version":[{"id":504,"href":"https:\/\/nicolas-rivault.fr\/index.php\/wp-json\/wp\/v2\/pages\/407\/revisions\/504"}],"wp:attachment":[{"href":"https:\/\/nicolas-rivault.fr\/index.php\/wp-json\/wp\/v2\/media?parent=407"}],"curies":[{"name":"wp","href":"https:\/\/api.w.org\/{rel}","templated":true}]}}