{"id":323,"date":"2019-07-08T19:21:38","date_gmt":"2019-07-08T18:21:38","guid":{"rendered":"http:\/\/nicolas-rivault.fr\/?page_id=323"},"modified":"2019-08-02T18:04:48","modified_gmt":"2019-08-02T17:04:48","slug":"rosaces","status":"publish","type":"page","link":"https:\/\/nicolas-rivault.fr\/index.php\/rosaces\/","title":{"rendered":"Rosaces"},"content":{"rendered":"<h4><strong>Rosace de l&rsquo;Union sacr\u00e9e :<br \/>\n<\/strong><\/h4>\n<p>Bas\u00e9e sur le trac\u00e9 de la rosace ouest de Notre Dame de Paris, cette forme va travailler sur l&rsquo;\u00e9quilibre de nos deux polarit\u00e9s (masculine et f\u00e9minine).<\/p>\n<p>&nbsp;<\/p>\n<p>N\u00e9c\u00e9ssite un branchement sur le 220v.<\/p>\n<p>J&rsquo;utilise un trac\u00e9 g\u00e9om\u00e9trique spiral\u00e9 particulier qui limite l&rsquo;influence de la partie electrique des leds.<\/p>\n<p>possibilit\u00e9 de l&rsquo;avoir en couleur fixe (comme sur la photo) ou avec un syst\u00eame suppl\u00e9mentaire faisant varier l&rsquo;intensit\u00e9 lumineuse pour avoir des effets type respiration (parfait pour la m\u00e9ditation), stoboscopiques, &#8230;<\/p>\n<p>&nbsp;<\/p>\n<p>Rosace lumineuse en ch\u00eane en ambiance lumi\u00e8re du jour (exterieur)<\/p>\n<p style=\"padding-left: 60px;\"><img loading=\"lazy\" class=\"alignnone wp-image-315 size-medium\" src=\"http:\/\/nicolas-rivault.fr\/wp-content\/uploads\/2019\/07\/rosace-nnotre-dame-jour-300x287.jpg\" alt=\"rosace nnotre dame jour\" width=\"300\" height=\"287\" srcset=\"https:\/\/nicolas-rivault.fr\/wp-content\/uploads\/2019\/07\/rosace-nnotre-dame-jour-300x287.jpg 300w, https:\/\/nicolas-rivault.fr\/wp-content\/uploads\/2019\/07\/rosace-nnotre-dame-jour-768x736.jpg 768w, https:\/\/nicolas-rivault.fr\/wp-content\/uploads\/2019\/07\/rosace-nnotre-dame-jour-1024x981.jpg 1024w\" sizes=\"(max-width: 300px) 100vw, 300px\" \/><\/p>\n<p>Rosace lumineuse en ch\u00eane en ambiance sombre avec retro\u00e9clairage.<\/p>\n<p style=\"padding-left: 60px;\"><img loading=\"lazy\" class=\"alignnone wp-image-316 size-medium\" src=\"http:\/\/nicolas-rivault.fr\/wp-content\/uploads\/2019\/07\/rosace-notre-dame-nuit-300x281.jpg\" alt=\"rosace notre dame nuit\" width=\"300\" height=\"281\" srcset=\"https:\/\/nicolas-rivault.fr\/wp-content\/uploads\/2019\/07\/rosace-notre-dame-nuit-300x281.jpg 300w, https:\/\/nicolas-rivault.fr\/wp-content\/uploads\/2019\/07\/rosace-notre-dame-nuit-768x719.jpg 768w, https:\/\/nicolas-rivault.fr\/wp-content\/uploads\/2019\/07\/rosace-notre-dame-nuit.jpg 820w\" sizes=\"(max-width: 300px) 100vw, 300px\" \/><\/p>\n<p>&nbsp;<\/p>\n<p>&nbsp;<\/p>\n<p><strong>Tarifs Rosace de l&rsquo;union sacr\u00e9e<br \/>\n<\/strong><\/p>\n<p>Diam\u00eatre 594mm :<\/p>\n<p style=\"padding-left: 30px;\">H\u00eatre <strong>520\u20ac<\/strong><\/p>\n<p style=\"padding-left: 30px;\">Ch\u00eane <strong>550\u20ac<\/strong><\/p>\n<p>Forme disponible uniquement sur commande!<\/p>\n<p>comptez environ 1 mois de d\u00e9lai.<\/p>\n","protected":false},"excerpt":{"rendered":"<p>Rosace de l&rsquo;Union sacr\u00e9e : Bas\u00e9e sur le trac\u00e9 de la rosace ouest de Notre Dame de Paris, cette forme va travailler sur l&rsquo;\u00e9quilibre de nos deux polarit\u00e9s (masculine et f\u00e9minine). &nbsp; N\u00e9c\u00e9ssite un branchement sur le 220v. J&rsquo;utilise un &hellip; <a href=\"https:\/\/nicolas-rivault.fr\/index.php\/rosaces\/\">Lire la suite\u00ad\u00ad<\/a><\/p>\n","protected":false},"author":1,"featured_media":0,"parent":0,"menu_order":0,"comment_status":"closed","ping_status":"closed","template":"","meta":{"kt_blocks_editor_width":"","spay_email":""},"_links":{"self":[{"href":"https:\/\/nicolas-rivault.fr\/index.php\/wp-json\/wp\/v2\/pages\/323"}],"collection":[{"href":"https:\/\/nicolas-rivault.fr\/index.php\/wp-json\/wp\/v2\/pages"}],"about":[{"href":"https:\/\/nicolas-rivault.fr\/index.php\/wp-json\/wp\/v2\/types\/page"}],"author":[{"embeddable":true,"href":"https:\/\/nicolas-rivault.fr\/index.php\/wp-json\/wp\/v2\/users\/1"}],"replies":[{"embeddable":true,"href":"https:\/\/nicolas-rivault.fr\/index.php\/wp-json\/wp\/v2\/comments?post=323"}],"version-history":[{"count":7,"href":"https:\/\/nicolas-rivault.fr\/index.php\/wp-json\/wp\/v2\/pages\/323\/revisions"}],"predecessor-version":[{"id":339,"href":"https:\/\/nicolas-rivault.fr\/index.php\/wp-json\/wp\/v2\/pages\/323\/revisions\/339"}],"wp:attachment":[{"href":"https:\/\/nicolas-rivault.fr\/index.php\/wp-json\/wp\/v2\/media?parent=323"}],"curies":[{"name":"wp","href":"https:\/\/api.w.org\/{rel}","templated":true}]}}