{"id":310,"date":"2019-08-02T18:21:27","date_gmt":"2019-08-02T17:21:27","guid":{"rendered":"http:\/\/nicolas-rivault.fr\/?page_id=310"},"modified":"2021-09-21T07:54:51","modified_gmt":"2021-09-21T06:54:51","slug":"medaillon","status":"publish","type":"page","link":"https:\/\/nicolas-rivault.fr\/index.php\/medaillon\/","title":{"rendered":"Medaillon"},"content":{"rendered":"<h2><strong><span style=\"color: #3366ff;\">Fabrication de m\u00e9daillons sur mesure :<br \/>\n<\/span><\/strong><\/h2>\n<h3>Uniquement sur commande!<\/h3>\n<p>Fabriqu\u00e9s en marquetterie de bois nobles, ces m\u00e9dailles vous apporterons selon vos besoins protection et chance.<\/p>\n<p>Contactez moi, expliquez moi vos besoins et je vous ferais une esquisse du m\u00e9daillon bas\u00e9 sur un trac\u00e9 g\u00e9om\u00e9trique sacr\u00e9.<\/p>\n<p>Je vous envoie alors par mail la proposition et le co\u00fbt du m\u00e9daillon d\u00e9pendant des bois utilis\u00e9s et de la complexit\u00e9 du trac\u00e9.<\/p>\n<p>Pour les d\u00e9lais de fabrication, il faut compter environ un mois.<\/p>\n<p>Exemple de trac\u00e9 apr\u00e8s \u00e9tude:<\/p>\n<p style=\"padding-left: 30px;\"><img loading=\"lazy\" class=\"alignnone size-thumbnail wp-image-341\" src=\"http:\/\/nicolas-rivault.fr\/wp-content\/uploads\/2019\/08\/talisman-trac\u00e9-150x150.jpg\" alt=\"talisman trac\u00e9\" width=\"150\" height=\"150\" \/><\/p>\n<p>et sa r\u00e9alisation :<\/p>\n<p>en bois de Sycomore, Makor\u00e9 et Noyer gris\u00e9<\/p>\n<p style=\"padding-left: 30px;\"><img loading=\"lazy\" class=\"alignnone size-thumbnail wp-image-346\" src=\"http:\/\/nicolas-rivault.fr\/wp-content\/uploads\/2019\/08\/talisman-lite-fini-150x150.jpg\" alt=\"talisman lite fini\" width=\"150\" height=\"150\" \/><\/p>\n<p>Le co\u00fbt de ce talisman (\u00e9tude + r\u00e9alisation) est de 100\u20ac<\/p>\n<p>Autre exemple d&rsquo;\u00e9toile \u00e0 5 branches:<\/p>\n<p style=\"padding-left: 30px;\"><img loading=\"lazy\" class=\"alignnone size-thumbnail wp-image-342\" src=\"http:\/\/nicolas-rivault.fr\/wp-content\/uploads\/2019\/08\/IMG_7356-150x150.jpg\" alt=\"IMG_7356\" width=\"150\" height=\"150\" \/><\/p>\n<p>Tarif 100\u20ac<\/p>\n","protected":false},"excerpt":{"rendered":"<p>Fabrication de m\u00e9daillons sur mesure : Uniquement sur commande! Fabriqu\u00e9s en marquetterie de bois nobles, ces m\u00e9dailles vous apporterons selon vos besoins protection et chance. Contactez moi, expliquez moi vos besoins et je vous ferais une esquisse du m\u00e9daillon bas\u00e9 &hellip; <a href=\"https:\/\/nicolas-rivault.fr\/index.php\/medaillon\/\">Lire la suite\u00ad\u00ad<\/a><\/p>\n","protected":false},"author":1,"featured_media":0,"parent":0,"menu_order":0,"comment_status":"closed","ping_status":"closed","template":"","meta":{"kt_blocks_editor_width":"","spay_email":""},"_links":{"self":[{"href":"https:\/\/nicolas-rivault.fr\/index.php\/wp-json\/wp\/v2\/pages\/310"}],"collection":[{"href":"https:\/\/nicolas-rivault.fr\/index.php\/wp-json\/wp\/v2\/pages"}],"about":[{"href":"https:\/\/nicolas-rivault.fr\/index.php\/wp-json\/wp\/v2\/types\/page"}],"author":[{"embeddable":true,"href":"https:\/\/nicolas-rivault.fr\/index.php\/wp-json\/wp\/v2\/users\/1"}],"replies":[{"embeddable":true,"href":"https:\/\/nicolas-rivault.fr\/index.php\/wp-json\/wp\/v2\/comments?post=310"}],"version-history":[{"count":6,"href":"https:\/\/nicolas-rivault.fr\/index.php\/wp-json\/wp\/v2\/pages\/310\/revisions"}],"predecessor-version":[{"id":394,"href":"https:\/\/nicolas-rivault.fr\/index.php\/wp-json\/wp\/v2\/pages\/310\/revisions\/394"}],"wp:attachment":[{"href":"https:\/\/nicolas-rivault.fr\/index.php\/wp-json\/wp\/v2\/media?parent=310"}],"curies":[{"name":"wp","href":"https:\/\/api.w.org\/{rel}","templated":true}]}}