{"id":31,"date":"2016-03-09T21:56:26","date_gmt":"2016-03-09T20:56:26","guid":{"rendered":"http:\/\/nicolas-rivault.fr\/?page_id=31"},"modified":"2019-03-14T10:39:41","modified_gmt":"2019-03-14T09:39:41","slug":"tarifs","status":"publish","type":"page","link":"https:\/\/nicolas-rivault.fr\/index.php\/tarifs\/","title":{"rendered":"Tarifs"},"content":{"rendered":"<h3><span style=\"color: #333399; text-decoration: underline;\"><strong>Soins \u00e0 la personne :<\/strong><\/span><\/h3>\n<h4><span style=\"color: #0000ff;\">Au cabinet :<\/span><\/h4>\n<ul>\n<li>\n<h5>Adultes : 50\u20ac<\/h5>\n<\/li>\n<li>\n<h5>Enfants et adolescents\u00a0: 30 \u20ac (pour les moins de 18 ans)<\/h5>\n<\/li>\n<\/ul>\n<p>&nbsp;<\/p>\n<h4><span style=\"color: #0000ff;\">A distance :<\/span><\/h4>\n<ul>\n<li>\n<h5>Adultes et enfants\u00a0: 50\u20ac (comprenant plusieurs s\u00e9ances sur 2 semaines)<\/h5>\n<\/li>\n<\/ul>\n<h5><\/h5>\n<h5><em>(\u00c9tudiants et ch\u00f4meurs, me contacter pour le tarif des soins)<\/em><\/h5>\n<p>&nbsp;<\/p>\n<h3><span style=\"color: #333399; text-decoration: underline;\"><strong>Soins aux animaux :<\/strong><\/span><\/h3>\n<h4><span style=\"color: #0000ff;\">A distance :<\/span><\/h4>\n<ul>\n<li>50\u20ac \u00a0(comprenant plusieurs s\u00e9ances sur 2 semaines)<\/li>\n<\/ul>\n<p>&nbsp;<\/p>\n<h4><span style=\"color: #0000ff;\">A domicile :<\/span><\/h4>\n<ul>\n<li>Pour les gros animaux, me consulter pour une estimation en fonction de la distance.<\/li>\n<\/ul>\n<p>&nbsp;<\/p>\n<h3><span style=\"color: #333399; text-decoration: underline;\"><strong>G\u00e9obiologie :<\/strong><\/span><\/h3>\n<h5>Appartements et maison individuelles<\/h5>\n<h5>Locaux commerciaux<\/h5>\n<h5>Lieux de mara\u00eechage, champs, p\u00e2tures et\u00a0\u00e9tables<\/h5>\n<h5><\/h5>\n<h5><em>(A distance sur plans et photos, ou \u00e0\u00a0domicile, me consulter pour les tarifs)<\/em><\/h5>\n<p>&nbsp;<\/p>\n<p>&nbsp;<\/p>\n<p>&nbsp;<\/p>\n<p>&nbsp;<\/p>\n<p>&nbsp;<\/p>\n<p>&nbsp;<\/p>\n<p>&nbsp;<\/p>\n<p>&nbsp;<\/p>\n<p>&nbsp;<\/p>\n","protected":false},"excerpt":{"rendered":"<p>Soins \u00e0 la personne : Au cabinet : Adultes : 50\u20ac Enfants et adolescents\u00a0: 30 \u20ac (pour les moins de 18 ans) &nbsp; A distance : Adultes et enfants\u00a0: 50\u20ac (comprenant plusieurs s\u00e9ances sur 2 semaines) (\u00c9tudiants et ch\u00f4meurs, me &hellip; <a href=\"https:\/\/nicolas-rivault.fr\/index.php\/tarifs\/\">Lire la suite\u00ad\u00ad<\/a><\/p>\n","protected":false},"author":1,"featured_media":0,"parent":0,"menu_order":0,"comment_status":"closed","ping_status":"closed","template":"","meta":{"kt_blocks_editor_width":"","spay_email":""},"_links":{"self":[{"href":"https:\/\/nicolas-rivault.fr\/index.php\/wp-json\/wp\/v2\/pages\/31"}],"collection":[{"href":"https:\/\/nicolas-rivault.fr\/index.php\/wp-json\/wp\/v2\/pages"}],"about":[{"href":"https:\/\/nicolas-rivault.fr\/index.php\/wp-json\/wp\/v2\/types\/page"}],"author":[{"embeddable":true,"href":"https:\/\/nicolas-rivault.fr\/index.php\/wp-json\/wp\/v2\/users\/1"}],"replies":[{"embeddable":true,"href":"https:\/\/nicolas-rivault.fr\/index.php\/wp-json\/wp\/v2\/comments?post=31"}],"version-history":[{"count":19,"href":"https:\/\/nicolas-rivault.fr\/index.php\/wp-json\/wp\/v2\/pages\/31\/revisions"}],"predecessor-version":[{"id":274,"href":"https:\/\/nicolas-rivault.fr\/index.php\/wp-json\/wp\/v2\/pages\/31\/revisions\/274"}],"wp:attachment":[{"href":"https:\/\/nicolas-rivault.fr\/index.php\/wp-json\/wp\/v2\/media?parent=31"}],"curies":[{"name":"wp","href":"https:\/\/api.w.org\/{rel}","templated":true}]}}