{"id":293,"date":"2019-04-11T18:05:05","date_gmt":"2019-04-11T17:05:05","guid":{"rendered":"http:\/\/nicolas-rivault.fr\/?page_id=293"},"modified":"2020-09-17T06:51:26","modified_gmt":"2020-09-17T05:51:26","slug":"formes-lumineuses","status":"publish","type":"page","link":"https:\/\/nicolas-rivault.fr\/index.php\/formes-lumineuses\/","title":{"rendered":"Formes lumineuses"},"content":{"rendered":"<p>Ces diff\u00e9rentes formes toujours fabriqu\u00e9es en bois sont en plus lumineuses avec un ensemble de guirlandes LED en lumi\u00e8re douce.<\/p>\n<p>Il suffit d&rsquo;avoir une prise electrique (220v) pour pouvoir les brancher.<\/p>\n<p>Elle existent en diam\u00e8tre 400mm et 600mm.<\/p>\n<p>&nbsp;<\/p>\n<h4><strong>Fleur de vie avec les 7 couleurs des chakras principaux :<br \/>\n<\/strong><\/h4>\n<p>possibilit\u00e9 de l&rsquo;avoir en couleur fixe (comme sur la photo) ou avec un syst\u00eame suppl\u00e9mentaire faisant varier l&rsquo;intensit\u00e9 lumineuse pour avoir des effets type respiration (parfait pour la m\u00e9ditation), stoboscopiques, &#8230;<\/p>\n<p>&nbsp;<\/p>\n<p>FDV lumineuse en Peuplier en ambiance lumi\u00e8re du jour.<\/p>\n<p><img loading=\"lazy\" class=\"alignnone size-medium wp-image-287\" src=\"http:\/\/nicolas-rivault.fr\/wp-content\/uploads\/2019\/04\/FDV-fixe-7-couleurs-300x225.jpg\" alt=\"FDV fixe 7 couleurs\" width=\"300\" height=\"225\" srcset=\"https:\/\/nicolas-rivault.fr\/wp-content\/uploads\/2019\/04\/FDV-fixe-7-couleurs-300x225.jpg 300w, https:\/\/nicolas-rivault.fr\/wp-content\/uploads\/2019\/04\/FDV-fixe-7-couleurs-768x576.jpg 768w, https:\/\/nicolas-rivault.fr\/wp-content\/uploads\/2019\/04\/FDV-fixe-7-couleurs-1024x768.jpg 1024w\" sizes=\"(max-width: 300px) 100vw, 300px\" \/><\/p>\n<p>&nbsp;<\/p>\n<p>FDV lumineuse en H\u00eatre en ambiance sombre.<\/p>\n<p><img loading=\"lazy\" class=\"alignnone size-medium wp-image-288\" src=\"http:\/\/nicolas-rivault.fr\/wp-content\/uploads\/2019\/04\/FDV-multicolor-alumee-penombre-300x225.jpg\" alt=\"FDV multicolor alumee penombre\" width=\"300\" height=\"225\" srcset=\"https:\/\/nicolas-rivault.fr\/wp-content\/uploads\/2019\/04\/FDV-multicolor-alumee-penombre-300x225.jpg 300w, https:\/\/nicolas-rivault.fr\/wp-content\/uploads\/2019\/04\/FDV-multicolor-alumee-penombre-768x576.jpg 768w, https:\/\/nicolas-rivault.fr\/wp-content\/uploads\/2019\/04\/FDV-multicolor-alumee-penombre-1024x768.jpg 1024w, https:\/\/nicolas-rivault.fr\/wp-content\/uploads\/2019\/04\/FDV-multicolor-alumee-penombre.jpg 1824w\" sizes=\"(max-width: 300px) 100vw, 300px\" \/><\/p>\n<p>&nbsp;<\/p>\n<p><strong>Tarifs fleur de vie 7 couleurs:<\/strong><\/p>\n<p>Diam\u00eatre <strong>400mm<\/strong> :<\/p>\n<p style=\"padding-left: 30px;\">Peuplier\u00a0 <strong>230\u20ac<\/strong><\/p>\n<p style=\"padding-left: 30px;\">H\u00eatre <strong>240\u20ac<\/strong><\/p>\n<p style=\"padding-left: 30px;\">Ch\u00eane <strong>250\u20ac<\/strong><\/p>\n<p>Diam\u00eatre 600mm :<\/p>\n<p style=\"padding-left: 30px;\">Peuplier\u00a0 <strong>340\u20ac<\/strong><\/p>\n<p style=\"padding-left: 30px;\">H\u00eatre <strong>360\u20ac<\/strong><\/p>\n<p style=\"padding-left: 30px;\">Ch\u00eane <strong>380\u20ac<\/strong><\/p>\n<p style=\"padding-left: 30px;\">\n<p>Forme disponible uniquement sur commande!<\/p>\n<p>comptez environ 1 mois de d\u00e9lai.<\/p>\n<p>&nbsp;<\/p>\n<p>&nbsp;<\/p>\n<h4><strong>Fleur de vie multicolore :<br \/>\n<\/strong><\/h4>\n<p>module de changement des couleurs inclus.<\/p>\n<p>Cett forme dispose de 16 couleurs de base et de plusieurs effet qui permettent de passer de l&rsquo;une \u00e0 l&rsquo;autre soit par flash, soit en fondu enchain\u00e9.<\/p>\n<p>Une telecommande permet de changer les modes.<\/p>\n<p>&nbsp;<\/p>\n<p>FDV lumineuse allum\u00e9e, en H\u00eatre, en ambiance sombre couleur bleue.<\/p>\n<p>Le halo lumineux est projet\u00e9 sur tout le pourtour de la forme<\/p>\n<p><img loading=\"lazy\" class=\"alignnone size-medium wp-image-290\" src=\"http:\/\/nicolas-rivault.fr\/wp-content\/uploads\/2019\/04\/FDV-multicolor-300x225.jpg\" alt=\"FDV multicolor\" width=\"300\" height=\"225\" srcset=\"https:\/\/nicolas-rivault.fr\/wp-content\/uploads\/2019\/04\/FDV-multicolor-300x225.jpg 300w, https:\/\/nicolas-rivault.fr\/wp-content\/uploads\/2019\/04\/FDV-multicolor.jpg 640w\" sizes=\"(max-width: 300px) 100vw, 300px\" \/><\/p>\n<p>&nbsp;<\/p>\n<p>&nbsp;<\/p>\n<p>FDV lumineuse \u00e9teinte,\u00a0en H\u00eatre, de jour.<\/p>\n<p><img loading=\"lazy\" class=\"alignnone size-medium wp-image-289\" src=\"http:\/\/nicolas-rivault.fr\/wp-content\/uploads\/2019\/04\/FDV-multicolor-eteinte-300x225.jpg\" alt=\"FDV multicolor eteinte\" width=\"300\" height=\"225\" srcset=\"https:\/\/nicolas-rivault.fr\/wp-content\/uploads\/2019\/04\/FDV-multicolor-eteinte-300x225.jpg 300w, https:\/\/nicolas-rivault.fr\/wp-content\/uploads\/2019\/04\/FDV-multicolor-eteinte-768x576.jpg 768w, https:\/\/nicolas-rivault.fr\/wp-content\/uploads\/2019\/04\/FDV-multicolor-eteinte-1024x768.jpg 1024w, https:\/\/nicolas-rivault.fr\/wp-content\/uploads\/2019\/04\/FDV-multicolor-eteinte.jpg 1824w\" sizes=\"(max-width: 300px) 100vw, 300px\" \/><\/p>\n<p>&nbsp;<\/p>\n<p><strong>Tarifs fleur de vie multicolore:<\/strong><\/p>\n<p>Diam\u00eatre <strong>400mm<\/strong> :<\/p>\n<p style=\"padding-left: 30px;\">Peuplier\u00a0 <strong>245\u20ac<\/strong><\/p>\n<p style=\"padding-left: 30px;\">H\u00eatre <strong>255\u20ac<\/strong><\/p>\n<p style=\"padding-left: 30px;\">Ch\u00eane <strong>265\u20ac<\/strong><\/p>\n<p>Diam\u00eatre <strong>600mm<\/strong> :<\/p>\n<p style=\"padding-left: 30px;\">Peuplier\u00a0 <strong>360\u20ac<\/strong><\/p>\n<p style=\"padding-left: 30px;\">H\u00eatre <strong>380\u20ac<\/strong><\/p>\n<p style=\"padding-left: 30px;\">Ch\u00eane <strong>400\u20ac<\/strong><\/p>\n<p style=\"padding-left: 30px;\">\n<p style=\"padding-left: 30px;\">\n<p>Forme disponible uniquement sur commande!<\/p>\n<p>comptez environ 1 mois de d\u00e9lai.<\/p>\n","protected":false},"excerpt":{"rendered":"<p>Ces diff\u00e9rentes formes toujours fabriqu\u00e9es en bois sont en plus lumineuses avec un ensemble de guirlandes LED en lumi\u00e8re douce. Il suffit d&rsquo;avoir une prise electrique (220v) pour pouvoir les brancher. Elle existent en diam\u00e8tre 400mm et 600mm. &nbsp; Fleur &hellip; <a href=\"https:\/\/nicolas-rivault.fr\/index.php\/formes-lumineuses\/\">Lire la suite\u00ad\u00ad<\/a><\/p>\n","protected":false},"author":1,"featured_media":0,"parent":0,"menu_order":0,"comment_status":"closed","ping_status":"closed","template":"","meta":{"kt_blocks_editor_width":"","spay_email":""},"_links":{"self":[{"href":"https:\/\/nicolas-rivault.fr\/index.php\/wp-json\/wp\/v2\/pages\/293"}],"collection":[{"href":"https:\/\/nicolas-rivault.fr\/index.php\/wp-json\/wp\/v2\/pages"}],"about":[{"href":"https:\/\/nicolas-rivault.fr\/index.php\/wp-json\/wp\/v2\/types\/page"}],"author":[{"embeddable":true,"href":"https:\/\/nicolas-rivault.fr\/index.php\/wp-json\/wp\/v2\/users\/1"}],"replies":[{"embeddable":true,"href":"https:\/\/nicolas-rivault.fr\/index.php\/wp-json\/wp\/v2\/comments?post=293"}],"version-history":[{"count":10,"href":"https:\/\/nicolas-rivault.fr\/index.php\/wp-json\/wp\/v2\/pages\/293\/revisions"}],"predecessor-version":[{"id":382,"href":"https:\/\/nicolas-rivault.fr\/index.php\/wp-json\/wp\/v2\/pages\/293\/revisions\/382"}],"wp:attachment":[{"href":"https:\/\/nicolas-rivault.fr\/index.php\/wp-json\/wp\/v2\/media?parent=293"}],"curies":[{"name":"wp","href":"https:\/\/api.w.org\/{rel}","templated":true}]}}