{"id":206,"date":"2017-09-04T11:09:05","date_gmt":"2017-09-04T10:09:05","guid":{"rendered":"http:\/\/nicolas-rivault.fr\/?page_id=206"},"modified":"2018-04-12T08:06:45","modified_gmt":"2018-04-12T07:06:45","slug":"commandes-speciales","status":"publish","type":"page","link":"https:\/\/nicolas-rivault.fr\/index.php\/commandes-speciales\/","title":{"rendered":"Commandes sp\u00e9ciales"},"content":{"rendered":"<p>Sur demande, je peux r\u00e9aliser des formes sp\u00e9cifiques pour vos grands \u00e9v\u00e9nements.<\/p>\n<p>Vous trouverez quelques exemples ci-dessous.<\/p>\n<p>&nbsp;<\/p>\n<p><strong>Un cadeau original pour la Saint Valentin.<\/strong><\/p>\n<p><img loading=\"lazy\" class=\"alignnone wp-image-208 size-medium\" src=\"http:\/\/nicolas-rivault.fr\/wp-content\/uploads\/2017\/09\/Coeur-Saint-Valentin-300x276.jpg\" alt=\"Coeur Saint Valentin\" width=\"300\" height=\"276\" srcset=\"https:\/\/nicolas-rivault.fr\/wp-content\/uploads\/2017\/09\/Coeur-Saint-Valentin-300x276.jpg 300w, https:\/\/nicolas-rivault.fr\/wp-content\/uploads\/2017\/09\/Coeur-Saint-Valentin-768x707.jpg 768w, https:\/\/nicolas-rivault.fr\/wp-content\/uploads\/2017\/09\/Coeur-Saint-Valentin-1024x943.jpg 1024w\" sizes=\"(max-width: 300px) 100vw, 300px\" \/><\/p>\n<p>&nbsp;<\/p>\n<p><strong>Un Mariage ou anniversaire de mariage !<\/strong><\/p>\n<p><img loading=\"lazy\" class=\"alignnone size-full wp-image-209\" src=\"http:\/\/nicolas-rivault.fr\/wp-content\/uploads\/2017\/09\/anniversaire-mariage-e1504519766797.jpg\" alt=\"anniversaire mariage\" width=\"500\" height=\"280\" \/><\/p>\n<p>&nbsp;<\/p>\n<p><strong>Un \u00e9v\u00e9nement sp\u00e9cifique, besoin d&rsquo;une enseigne, d&rsquo;un logo,<\/strong><\/p>\n<p><img loading=\"lazy\" class=\"alignnone size-full wp-image-125\" src=\"http:\/\/nicolas-rivault.fr\/wp-content\/uploads\/2017\/05\/fleur-de-vie-journ\u00e9e-de-lhumain-light-2.jpg\" alt=\"fleur de vie journ\u00e9e de l'humain light 2\" width=\"355\" height=\"336\" srcset=\"https:\/\/nicolas-rivault.fr\/wp-content\/uploads\/2017\/05\/fleur-de-vie-journ\u00e9e-de-lhumain-light-2.jpg 355w, https:\/\/nicolas-rivault.fr\/wp-content\/uploads\/2017\/05\/fleur-de-vie-journ\u00e9e-de-lhumain-light-2-300x284.jpg 300w\" sizes=\"(max-width: 355px) 100vw, 355px\" \/><\/p>\n<p>&nbsp;<\/p>\n<p>N\u2019h\u00e9sitez pas \u00e0 me contacter pour vos demandes particuli\u00e8res, je vous ferai un devis.<\/p>\n<p>&nbsp;<\/p>\n","protected":false},"excerpt":{"rendered":"<p>Sur demande, je peux r\u00e9aliser des formes sp\u00e9cifiques pour vos grands \u00e9v\u00e9nements. Vous trouverez quelques exemples ci-dessous. &nbsp; Un cadeau original pour la Saint Valentin. &nbsp; Un Mariage ou anniversaire de mariage ! &nbsp; Un \u00e9v\u00e9nement sp\u00e9cifique, besoin d&rsquo;une enseigne, &hellip; <a href=\"https:\/\/nicolas-rivault.fr\/index.php\/commandes-speciales\/\">Lire la suite\u00ad\u00ad<\/a><\/p>\n","protected":false},"author":1,"featured_media":0,"parent":0,"menu_order":0,"comment_status":"closed","ping_status":"closed","template":"","meta":{"kt_blocks_editor_width":"","spay_email":""},"_links":{"self":[{"href":"https:\/\/nicolas-rivault.fr\/index.php\/wp-json\/wp\/v2\/pages\/206"}],"collection":[{"href":"https:\/\/nicolas-rivault.fr\/index.php\/wp-json\/wp\/v2\/pages"}],"about":[{"href":"https:\/\/nicolas-rivault.fr\/index.php\/wp-json\/wp\/v2\/types\/page"}],"author":[{"embeddable":true,"href":"https:\/\/nicolas-rivault.fr\/index.php\/wp-json\/wp\/v2\/users\/1"}],"replies":[{"embeddable":true,"href":"https:\/\/nicolas-rivault.fr\/index.php\/wp-json\/wp\/v2\/comments?post=206"}],"version-history":[{"count":4,"href":"https:\/\/nicolas-rivault.fr\/index.php\/wp-json\/wp\/v2\/pages\/206\/revisions"}],"predecessor-version":[{"id":215,"href":"https:\/\/nicolas-rivault.fr\/index.php\/wp-json\/wp\/v2\/pages\/206\/revisions\/215"}],"wp:attachment":[{"href":"https:\/\/nicolas-rivault.fr\/index.php\/wp-json\/wp\/v2\/media?parent=206"}],"curies":[{"name":"wp","href":"https:\/\/api.w.org\/{rel}","templated":true}]}}