{"id":201,"date":"2017-09-04T10:55:18","date_gmt":"2017-09-04T09:55:18","guid":{"rendered":"http:\/\/nicolas-rivault.fr\/?page_id=201"},"modified":"2023-05-25T12:36:44","modified_gmt":"2023-05-25T11:36:44","slug":"croix-celtique","status":"publish","type":"page","link":"https:\/\/nicolas-rivault.fr\/index.php\/croix-celtique\/","title":{"rendered":"Croix celtique"},"content":{"rendered":"<p>Forme g\u00e9om\u00e9trique issue de la tradition celte.<\/p>\n<p><img loading=\"lazy\" class=\"alignnone size-full wp-image-197\" src=\"http:\/\/nicolas-rivault.fr\/wp-content\/uploads\/2017\/09\/croix-celtique-petit-format-hetre-e1504518544766.jpg\" alt=\"croix celtique petit format hetre\" width=\"336\" height=\"428\" \/><\/p>\n<p>Possibilit\u00e9 de la fabriquer la couche principale en ch\u00eane ou en h\u00eatre, la couche sup\u00e9rieure est en contreplaqu\u00e9 de peuplier.<\/p>\n<p><strong>Tarifs :<\/strong><\/p>\n<ul>\n<li><strong>Petit format<\/strong> (170mm x 125mm)\n<ul>\n<li><strong>En H\u00eatre 90\u20ac<\/strong><\/li>\n<li><strong>En Ch\u00eane 100 \u20ac<\/strong><\/li>\n<\/ul>\n<\/li>\n<li><strong>Moyen format<\/strong> (270mm x 200 mm)\n<ul>\n<li><strong>En H\u00eatre 140\u20ac<\/strong><\/li>\n<li><strong>En Ch\u00eane 150 \u20ac<\/strong><\/li>\n<\/ul>\n<\/li>\n<li><strong>Grand format<\/strong> (365mm x 265 mm)\n<ul>\n<li><strong>En H\u00eatre 190\u20ac<\/strong><\/li>\n<li><strong>En Ch\u00eane 200 \u20ac<\/strong><\/li>\n<\/ul>\n<\/li>\n<\/ul>\n","protected":false},"excerpt":{"rendered":"<p>Forme g\u00e9om\u00e9trique issue de la tradition celte. Possibilit\u00e9 de la fabriquer la couche principale en ch\u00eane ou en h\u00eatre, la couche sup\u00e9rieure est en contreplaqu\u00e9 de peuplier. Tarifs : Petit format (170mm x 125mm) En H\u00eatre 90\u20ac En Ch\u00eane 100 &hellip; <a href=\"https:\/\/nicolas-rivault.fr\/index.php\/croix-celtique\/\">Lire la suite\u00ad\u00ad<\/a><\/p>\n","protected":false},"author":1,"featured_media":0,"parent":0,"menu_order":0,"comment_status":"closed","ping_status":"closed","template":"","meta":{"kt_blocks_editor_width":"","spay_email":""},"_links":{"self":[{"href":"https:\/\/nicolas-rivault.fr\/index.php\/wp-json\/wp\/v2\/pages\/201"}],"collection":[{"href":"https:\/\/nicolas-rivault.fr\/index.php\/wp-json\/wp\/v2\/pages"}],"about":[{"href":"https:\/\/nicolas-rivault.fr\/index.php\/wp-json\/wp\/v2\/types\/page"}],"author":[{"embeddable":true,"href":"https:\/\/nicolas-rivault.fr\/index.php\/wp-json\/wp\/v2\/users\/1"}],"replies":[{"embeddable":true,"href":"https:\/\/nicolas-rivault.fr\/index.php\/wp-json\/wp\/v2\/comments?post=201"}],"version-history":[{"count":3,"href":"https:\/\/nicolas-rivault.fr\/index.php\/wp-json\/wp\/v2\/pages\/201\/revisions"}],"predecessor-version":[{"id":501,"href":"https:\/\/nicolas-rivault.fr\/index.php\/wp-json\/wp\/v2\/pages\/201\/revisions\/501"}],"wp:attachment":[{"href":"https:\/\/nicolas-rivault.fr\/index.php\/wp-json\/wp\/v2\/media?parent=201"}],"curies":[{"name":"wp","href":"https:\/\/api.w.org\/{rel}","templated":true}]}}