{"id":17,"date":"2016-03-09T21:17:15","date_gmt":"2016-03-09T20:17:15","guid":{"rendered":"http:\/\/nicolas-rivault.fr\/?page_id=17"},"modified":"2018-04-12T08:06:46","modified_gmt":"2018-04-12T07:06:46","slug":"qui-suis-je","status":"publish","type":"page","link":"https:\/\/nicolas-rivault.fr\/index.php\/qui-suis-je\/","title":{"rendered":"Qui suis- je"},"content":{"rendered":"<p><img loading=\"lazy\" class=\"size-medium wp-image-43 alignright\" src=\"http:\/\/nicolas-rivault.fr\/wp-content\/uploads\/2016\/03\/nicolas-rivault-magnetiseur-e1457561333126-264x300.jpg\" alt=\"nicolas-rivault-magnetiseur\" width=\"264\" height=\"300\" srcset=\"https:\/\/nicolas-rivault.fr\/wp-content\/uploads\/2016\/03\/nicolas-rivault-magnetiseur-e1457561333126-264x300.jpg 264w, https:\/\/nicolas-rivault.fr\/wp-content\/uploads\/2016\/03\/nicolas-rivault-magnetiseur-e1457561333126.jpg 639w\" sizes=\"(max-width: 264px) 100vw, 264px\" \/><\/p>\n<p>&nbsp;<\/p>\n<p>&nbsp;<\/p>\n<h5>Je m&rsquo;appelle <strong>Nicolas RIVAULT<\/strong>.<\/h5>\n<h5><\/h5>\n<h5>J&rsquo;ai d\u00e9couvert le magn\u00e9tisme aux environs de 40 ans.<\/h5>\n<h5>Suite \u00e0 une br\u00fblure du bras avec de l\u2019huile bouillante, je me suis rendu compte que je m&rsquo;\u00e9tais coup\u00e9 le feu, seul, sans savoir vraiment comment faire.<\/h5>\n<h5>A partir de ce jour, ma vie a chang\u00e9 et j\u2019ai cherch\u00e9 tout d\u2019abord \u00e0 comprendre ce qui m\u2019arrivait puis ensuite, bascul\u00e9 dans ce monde que j\u2019avais ni\u00e9 pendant tant d\u2019ann\u00e9es malgr\u00e9 les nombreux signes qui m\u2019avaient \u00e9t\u00e9 envoy\u00e9s.<br \/>\nDevenu Magn\u00e9tiseur, j\u2019aide les personnes (et les animaux) \u00e0 reconstruire le temple, la cath\u00e9drale que repr\u00e9sente leurs corps.<\/h5>\n<h5><\/h5>\n<p>&nbsp;<\/p>\n<h5>J&rsquo;ai ensuite d\u00e9couvert que bien souvent, les lieux (habitat pour l\u2019humain et les \u00e9tables ou p\u00e2tures pour les animaux) sont la cause de bon nombre de troubles et de maladies de ceux-ci.<br \/>\nL\u2019\u00e9tude de la Terre et de son environnement est donc devenu un compl\u00e9ment \u00e0 l\u2019\u00e9tude de l\u2019humain.<br \/>\nEn utilisant des forces naturelles d\u00e9j\u00e0 pr\u00e9sentes en chaque lieu, j\u2019essaye de les harmoniser au mieux pour que leurs habitants trouvent enfin la s\u00e9r\u00e9nit\u00e9 et une ambiance propice au d\u00e9veloppement de la vie.<\/h5>\n","protected":false},"excerpt":{"rendered":"<p>&nbsp; &nbsp; Je m&rsquo;appelle Nicolas RIVAULT. J&rsquo;ai d\u00e9couvert le magn\u00e9tisme aux environs de 40 ans. Suite \u00e0 une br\u00fblure du bras avec de l\u2019huile bouillante, je me suis rendu compte que je m&rsquo;\u00e9tais coup\u00e9 le feu, seul, sans savoir vraiment &hellip; <a href=\"https:\/\/nicolas-rivault.fr\/index.php\/qui-suis-je\/\">Lire la suite\u00ad\u00ad<\/a><\/p>\n","protected":false},"author":1,"featured_media":43,"parent":0,"menu_order":0,"comment_status":"closed","ping_status":"closed","template":"","meta":{"kt_blocks_editor_width":"","spay_email":""},"_links":{"self":[{"href":"https:\/\/nicolas-rivault.fr\/index.php\/wp-json\/wp\/v2\/pages\/17"}],"collection":[{"href":"https:\/\/nicolas-rivault.fr\/index.php\/wp-json\/wp\/v2\/pages"}],"about":[{"href":"https:\/\/nicolas-rivault.fr\/index.php\/wp-json\/wp\/v2\/types\/page"}],"author":[{"embeddable":true,"href":"https:\/\/nicolas-rivault.fr\/index.php\/wp-json\/wp\/v2\/users\/1"}],"replies":[{"embeddable":true,"href":"https:\/\/nicolas-rivault.fr\/index.php\/wp-json\/wp\/v2\/comments?post=17"}],"version-history":[{"count":10,"href":"https:\/\/nicolas-rivault.fr\/index.php\/wp-json\/wp\/v2\/pages\/17\/revisions"}],"predecessor-version":[{"id":74,"href":"https:\/\/nicolas-rivault.fr\/index.php\/wp-json\/wp\/v2\/pages\/17\/revisions\/74"}],"wp:featuredmedia":[{"embeddable":true,"href":"https:\/\/nicolas-rivault.fr\/index.php\/wp-json\/wp\/v2\/media\/43"}],"wp:attachment":[{"href":"https:\/\/nicolas-rivault.fr\/index.php\/wp-json\/wp\/v2\/media?parent=17"}],"curies":[{"name":"wp","href":"https:\/\/api.w.org\/{rel}","templated":true}]}}