{"id":162,"date":"2017-06-15T13:00:01","date_gmt":"2017-06-15T12:00:01","guid":{"rendered":"http:\/\/nicolas-rivault.fr\/?page_id=162"},"modified":"2026-02-19T09:15:30","modified_gmt":"2026-02-19T08:15:30","slug":"stages","status":"publish","type":"page","link":"https:\/\/nicolas-rivault.fr\/index.php\/stages\/","title":{"rendered":"Stages"},"content":{"rendered":"\n<h2><span style=\"color: #0000ff;\">Je propose r\u00e9guli\u00e8rement des stages sur les sujets suivants :<\/span><\/h2>\n\n\n\n<ul><li><span style=\"color: #0000ff;\"><strong>Radiesth\u00e9sie<\/strong> :\u00a0 d\u00e9couverte et utilisations\u00a0 des diff\u00e9rents outils, pendules, antennes, rad master, &#8230;<\/span><\/li><li><span style=\"color: #0000ff;\"><strong>Magn\u00e9tisme<\/strong> : apprendre \u00e0 ressentir les \u00e9nergies, les qualifier, les quantifier, comprendre et \u00e9valuer le syst\u00e8me \u00e9nerg\u00e9tique humain, d\u00e9tecter et corriger les anomalies.<\/span><\/li><li><strong><span style=\"color: #0000ff;\">Geobiologie <\/span><\/strong><span style=\"color: #0000ff;\">: d\u00e9tecter les anomalies d&rsquo;un lieu (faille, cavit\u00e9s,&#8230;), comment trouver de l&rsquo;eau, appr\u00e9hender les r\u00e9seaux telluriques, trouver des points sp\u00e9cifiques pour se charger, se nettoyer, &#8230;<\/span><\/li><li><strong><span style=\"color: #0000ff;\">Ondes de forme <\/span><\/strong><span style=\"color: #0000ff;\">: les formes de base et leur \u00e9nergie, comment utiliser les formes dans notre vie de tous les jours, pour soi, pour les lieux, notions de g\u00e9om\u00e9trie sacr\u00e9e (nombre d&rsquo;or, quadrilat\u00e8re solsticial, &#8230;)<\/span><\/li><\/ul>\n\n\n\n<p><span style=\"color: #0000ff;\">Tous les <span id=\"DWT189\" class=\"ZmSearchResult\"><span id=\"DWT191\" class=\"ZmSearchResult\">stage<\/span><\/span>s que je vous propose ont une partie th\u00e9orique, il faut bien passer par la pour les bases, mais sont aussi agr\u00e9ment\u00e9s de nombreux exercices pratiques vous permettant de comprendre les notions th\u00e9oriques et de vous familiariser avec le sujet.<br>Vous repartirez avec un support de cours, des documents de travail sp\u00e9cifiques aux sujets ainsi que quelques surprises.<br><br>Ces <span id=\"DWT193\" class=\"ZmSearchResult\"><span id=\"DWT195\" class=\"ZmSearchResult\">stage<\/span><\/span>s auront lieu majoritairement sur Plaisance du Touch, soit chez moi s&rsquo;il y a moins de 6 personnes soit dans une salle proche si le nombre de participants est sup\u00e9rieur.<br>Dans tous les cas, je limite le groupe \u00e0 une dizaine de personne maxi afin de pouvoir suivre chacun des stagiaires.<\/span><\/p>\n\n\n\n<p><\/p>\n\n\n\n<p>N\u2019h\u00e9sitez pas \u00e0 me contacter par mail pour vous inscrire<\/p>\n\n\n\n<h2 class=\"kt-adv-heading_bbebc3-81 wp-block-kadence-advancedheading\" data-kb-block=\"kb-adv-heading_bbebc3-81\">&nbsp;Dates des stages :<\/h2>\n\n\n\n<h2>1er Semestre<\/h2>\n\n\n\n<ul><li>Magn\u00e9tisme niveau 1 : samedi 21 et dimanche 22 mars<\/li><li>Onde de forme niveau 1 : samedi 11 et dimanche 12 avril<\/li><li>Magn\u00e9tisme niveau 2 : samedi 6 et dimanche 7 juin<\/li><li>Onde de forme niveau 2 : samedi 27 et dimanche 28 juin<\/li><li>G\u00e9obiologie  : sur 3 jours 3, 4 et 5 juillet<\/li><li>Radiesth\u00e9sie niveau 1 : date \u00e0 d\u00e9finir<\/li><\/ul>\n\n\n\n<h2>2\u00e8me semestre<\/h2>\n\n\n\n<ul><li>Magn\u00e9tisme niveau 1 : samedi 19 et dimanche 20 septembre<\/li><li>Onde de forme niveau 1 : samedi 10 et dimanche 11 octobre<\/li><li>Magn\u00e9tisme niveau 2 : samedi 21 et dimanche 22 novembre<\/li><li>Onde de forme niveau 2 : samedi 5 et dimanche 6 d\u00e9cembre<\/li><\/ul>\n","protected":false},"excerpt":{"rendered":"<p>Je propose r\u00e9guli\u00e8rement des stages sur les sujets suivants : Radiesth\u00e9sie :\u00a0 d\u00e9couverte et utilisations\u00a0 des diff\u00e9rents outils, pendules, antennes, rad master, &#8230; Magn\u00e9tisme : apprendre \u00e0 ressentir les \u00e9nergies, les qualifier, les quantifier, comprendre et \u00e9valuer le syst\u00e8me \u00e9nerg\u00e9tique &hellip; <a href=\"https:\/\/nicolas-rivault.fr\/index.php\/stages\/\">Lire la suite\u00ad\u00ad<\/a><\/p>\n","protected":false},"author":1,"featured_media":0,"parent":0,"menu_order":0,"comment_status":"closed","ping_status":"closed","template":"","meta":{"kt_blocks_editor_width":"","spay_email":""},"_links":{"self":[{"href":"https:\/\/nicolas-rivault.fr\/index.php\/wp-json\/wp\/v2\/pages\/162"}],"collection":[{"href":"https:\/\/nicolas-rivault.fr\/index.php\/wp-json\/wp\/v2\/pages"}],"about":[{"href":"https:\/\/nicolas-rivault.fr\/index.php\/wp-json\/wp\/v2\/types\/page"}],"author":[{"embeddable":true,"href":"https:\/\/nicolas-rivault.fr\/index.php\/wp-json\/wp\/v2\/users\/1"}],"replies":[{"embeddable":true,"href":"https:\/\/nicolas-rivault.fr\/index.php\/wp-json\/wp\/v2\/comments?post=162"}],"version-history":[{"count":44,"href":"https:\/\/nicolas-rivault.fr\/index.php\/wp-json\/wp\/v2\/pages\/162\/revisions"}],"predecessor-version":[{"id":527,"href":"https:\/\/nicolas-rivault.fr\/index.php\/wp-json\/wp\/v2\/pages\/162\/revisions\/527"}],"wp:attachment":[{"href":"https:\/\/nicolas-rivault.fr\/index.php\/wp-json\/wp\/v2\/media?parent=162"}],"curies":[{"name":"wp","href":"https:\/\/api.w.org\/{rel}","templated":true}]}}