{"id":150,"date":"2017-05-17T07:15:36","date_gmt":"2017-05-17T06:15:36","guid":{"rendered":"http:\/\/nicolas-rivault.fr\/?page_id=150"},"modified":"2026-02-19T09:17:30","modified_gmt":"2026-02-19T08:17:30","slug":"actualites","status":"publish","type":"page","link":"https:\/\/nicolas-rivault.fr\/index.php\/actualites\/","title":{"rendered":"Actualit\u00e9s"},"content":{"rendered":"<div class=\"hrule clearfix\"><\/div>\n<h2><span style=\"color: #3366ff;\"><strong>Le Salon du bien-\u00eatre de Plaisance du touch:<\/strong><\/span><\/h2>\n<h3>Salle Monesti\u00e9 , les 21 et 22 f\u00e9vrier 2026.<\/h3>\n<h4><em><a href=\"http:\/\/salonbienetreplaisance.fr\/\">Informations compl\u00e9mentaires<\/a><\/em><\/h4>\n<p>\u00a0<\/p>\n<h2><strong><span style=\"color: #3366ff;\">\u00a0<\/span><\/strong><\/h2>\n<hr \/>\n<h4>\u00a0<\/h4>\n<p>\u00a0<\/p>\n<hr \/>\n<h4>\u00a0<\/h4>\n\n\n<p><\/p>\n","protected":false},"excerpt":{"rendered":"<p>Le Salon du bien-\u00eatre de Plaisance du touch: Salle Monesti\u00e9 , les 21 et 22 f\u00e9vrier 2026. Informations compl\u00e9mentaires \u00a0 \u00a0 \u00a0 \u00a0 \u00a0<\/p>\n","protected":false},"author":1,"featured_media":0,"parent":0,"menu_order":0,"comment_status":"closed","ping_status":"closed","template":"","meta":{"kt_blocks_editor_width":"","spay_email":""},"_links":{"self":[{"href":"https:\/\/nicolas-rivault.fr\/index.php\/wp-json\/wp\/v2\/pages\/150"}],"collection":[{"href":"https:\/\/nicolas-rivault.fr\/index.php\/wp-json\/wp\/v2\/pages"}],"about":[{"href":"https:\/\/nicolas-rivault.fr\/index.php\/wp-json\/wp\/v2\/types\/page"}],"author":[{"embeddable":true,"href":"https:\/\/nicolas-rivault.fr\/index.php\/wp-json\/wp\/v2\/users\/1"}],"replies":[{"embeddable":true,"href":"https:\/\/nicolas-rivault.fr\/index.php\/wp-json\/wp\/v2\/comments?post=150"}],"version-history":[{"count":56,"href":"https:\/\/nicolas-rivault.fr\/index.php\/wp-json\/wp\/v2\/pages\/150\/revisions"}],"predecessor-version":[{"id":528,"href":"https:\/\/nicolas-rivault.fr\/index.php\/wp-json\/wp\/v2\/pages\/150\/revisions\/528"}],"wp:attachment":[{"href":"https:\/\/nicolas-rivault.fr\/index.php\/wp-json\/wp\/v2\/media?parent=150"}],"curies":[{"name":"wp","href":"https:\/\/api.w.org\/{rel}","templated":true}]}}