{"id":123,"date":"2017-05-17T07:24:23","date_gmt":"2017-05-17T06:24:23","guid":{"rendered":"http:\/\/nicolas-rivault.fr\/?page_id=123"},"modified":"2020-09-17T06:49:30","modified_gmt":"2020-09-17T05:49:30","slug":"triskels","status":"publish","type":"page","link":"https:\/\/nicolas-rivault.fr\/index.php\/triskels\/","title":{"rendered":"Triskels"},"content":{"rendered":"<p>Symbole solaire, il est d&rsquo;origine celtique, et probablement encore plus ancien.<\/p>\n<p>Les Triskels (trois jambes) repr\u00e9sentent selon les traditions : la trinit\u00e9, les 3 \u00e9l\u00e9ments dynamiques (eau, air, feu), les 3 d\u00e9it\u00e9s, ..<\/p>\n<p>Sa forme avec des enroulements en sens inverse des aiguilles d&rsquo;une montre en fait un symbole fort en \u00e9nergie positive.<\/p>\n<p>Nettoyage, charge et harmonisation sont ses principales caract\u00e9ristiques que ce soit pour les personnes, les aliments, les objets ou les lieux.<\/p>\n<p>Il saura aussi favoriser la pousse de vos plantes, fleurs, arbustes, graines germ\u00e9es &#8230;<\/p>\n<p>&nbsp;<\/p>\n<p><strong>Triskel enroul\u00e9 :<\/strong><\/p>\n<p>Parfait comme dessous de plat pour charger positivement nos aliments<\/p>\n<p><img loading=\"lazy\" class=\"alignnone wp-image-108\" src=\"http:\/\/nicolas-rivault.fr\/wp-content\/uploads\/2017\/05\/triskel-enroul\u00e9-light.jpg\" alt=\"triskel enroul\u00e9 light\" width=\"349\" height=\"277\" srcset=\"https:\/\/nicolas-rivault.fr\/wp-content\/uploads\/2017\/05\/triskel-enroul\u00e9-light.jpg 423w, https:\/\/nicolas-rivault.fr\/wp-content\/uploads\/2017\/05\/triskel-enroul\u00e9-light-300x238.jpg 300w\" sizes=\"(max-width: 349px) 100vw, 349px\" \/><\/p>\n<p>&nbsp;<\/p>\n<p><strong>Triskel des anges :<\/strong><\/p>\n<p>Bas\u00e9 sur un trac\u00e9 sacr\u00e9 retrouv\u00e9 dans les pierres des cath\u00e9drales.<\/p>\n<p>Nettoyage des personnes (auras), objets (deprogrammation des m\u00e9moires) et aliments (nettoyage et charge)<\/p>\n<p>Il vous permettra aussi de nettoyer, equilibrer eet charger vos min\u00e9raux, pierres et bijoux.<\/p>\n<p>Avec une orientation sp\u00e9cifique, il travaillera sur les coques \u00e9nerg\u00e9tiques incrust\u00e9es sur les vert\u00eabres et vous aidera \u00e0 aller vers le mieux \u00eatre.<\/p>\n<p>&nbsp;<\/p>\n<p>Exemplaires avec fonds color\u00e9s:<\/p>\n<p>en bois de h\u00eatre<\/p>\n<p><img loading=\"lazy\" class=\"alignnone size-full wp-image-189\" src=\"http:\/\/nicolas-rivault.fr\/wp-content\/uploads\/2017\/09\/Triskell-des-anges-hetre-et-fond-e1504517107205.jpg\" alt=\"Triskell des anges hetre et fond\" width=\"300\" height=\"246\" \/><\/p>\n<p>&nbsp;<\/p>\n<p>en bois de ch\u00eane<\/p>\n<p><img loading=\"lazy\" class=\"alignnone wp-image-188\" src=\"http:\/\/nicolas-rivault.fr\/wp-content\/uploads\/2017\/09\/Triskell-des-anges-chene-et-fond-e1504517182264.jpg\" alt=\"Triskell des anges chene et fond\" width=\"313\" height=\"246\" \/><\/p>\n<p>&nbsp;<\/p>\n<p><strong>Triskel goutes d&rsquo;huile :<\/strong><\/p>\n<p>D\u00e9di\u00e9 au nettoyage, \u00e0 la charge et au r\u00e9veil \u00e9nerg\u00e9tique des produits huileux (huiles essentielles, fleur de bach, baumes, &#8230;) ou de toute pr\u00e9paration liquide (eau de boisson, arrosage des plantes,&#8230;).<\/p>\n<p><img loading=\"lazy\" class=\"alignnone size-full wp-image-126\" src=\"http:\/\/nicolas-rivault.fr\/wp-content\/uploads\/2017\/05\/triskel-goute-dhuile-light.jpg\" alt=\"triskel goute d'huile light\" width=\"336\" height=\"355\" srcset=\"https:\/\/nicolas-rivault.fr\/wp-content\/uploads\/2017\/05\/triskel-goute-dhuile-light.jpg 336w, https:\/\/nicolas-rivault.fr\/wp-content\/uploads\/2017\/05\/triskel-goute-dhuile-light-284x300.jpg 284w\" sizes=\"(max-width: 336px) 100vw, 336px\" \/><\/p>\n<p>&nbsp;<\/p>\n<p>&nbsp;<\/p>\n<p><strong>Tarifs :<\/strong><\/p>\n<p><span style=\"text-decoration: underline; color: #0000ff;\"><strong>Triskel enroul\u00e9<\/strong><\/span><\/p>\n<p><strong>Sans fonds color\u00e9s:<\/strong><\/p>\n<ul>\n<li><strong>Petit format<\/strong> (diam\u00e8tre 200 mm)<\/li>\n<\/ul>\n<p style=\"padding-left: 60px;\">H\u00eatre <strong>50\u20ac<\/strong><\/p>\n<p style=\"padding-left: 60px;\">Ch\u00eane <strong>55\u20ac<\/strong><\/p>\n<p style=\"padding-left: 90px;\"><strong>\u00a0<\/strong><\/p>\n<p>&nbsp;<\/p>\n<p><span style=\"text-decoration: underline; color: #0000ff;\"><strong>Triskel des anges ou triskel gouttes d&rsquo;huile<\/strong><\/span><\/p>\n<p>&nbsp;<\/p>\n<p><strong>Avec fonds color\u00e9s :<\/strong><\/p>\n<ul>\n<li><strong>Petit format<\/strong> (diam\u00e8tre autour de\u00a0 200 mm)<\/li>\n<\/ul>\n<p>Possibilit\u00e9 de fabriquer la couche principale en ch\u00eane ou en h\u00eatre, la couche sup\u00e9rieure est en contreplaqu\u00e9 de peuplier.<\/p>\n<p style=\"padding-left: 60px;\">H\u00eatre + peuplier <strong>60\u20ac<\/strong><\/p>\n<p style=\"padding-left: 60px;\">Ch\u00eane + peuplier <strong>70\u20ac<\/strong><\/p>\n<ul>\n<li><strong>Grand format<\/strong> (diam\u00e8tre autour de\u00a0 370 mm)<\/li>\n<\/ul>\n<p style=\"padding-left: 60px;\">H\u00eatre + peuplier <strong>120\u20ac<\/strong><\/p>\n<p style=\"padding-left: 60px;\">Ch\u00eane + peuplier <strong>140\u20ac<\/strong><\/p>\n<p>&nbsp;<\/p>\n<p><strong>Plexiglas de protection :<\/strong><\/p>\n<ul>\n<li><strong>plateau de protection transparent<\/strong><\/li>\n<\/ul>\n<p style=\"padding-left: 60px;\">diam\u00e8tre 200 mm\u00a0 <strong>20\u20ac<\/strong><\/p>\n<p style=\"padding-left: 60px;\">diam\u00e8tre 370 mm\u00a0 <strong>25\u20ac<\/strong><\/p>\n<p>&nbsp;<\/p>\n","protected":false},"excerpt":{"rendered":"<p>Symbole solaire, il est d&rsquo;origine celtique, et probablement encore plus ancien. Les Triskels (trois jambes) repr\u00e9sentent selon les traditions : la trinit\u00e9, les 3 \u00e9l\u00e9ments dynamiques (eau, air, feu), les 3 d\u00e9it\u00e9s, .. Sa forme avec des enroulements en sens &hellip; <a href=\"https:\/\/nicolas-rivault.fr\/index.php\/triskels\/\">Lire la suite\u00ad\u00ad<\/a><\/p>\n","protected":false},"author":1,"featured_media":0,"parent":0,"menu_order":0,"comment_status":"closed","ping_status":"closed","template":"","meta":{"kt_blocks_editor_width":"","spay_email":""},"_links":{"self":[{"href":"https:\/\/nicolas-rivault.fr\/index.php\/wp-json\/wp\/v2\/pages\/123"}],"collection":[{"href":"https:\/\/nicolas-rivault.fr\/index.php\/wp-json\/wp\/v2\/pages"}],"about":[{"href":"https:\/\/nicolas-rivault.fr\/index.php\/wp-json\/wp\/v2\/types\/page"}],"author":[{"embeddable":true,"href":"https:\/\/nicolas-rivault.fr\/index.php\/wp-json\/wp\/v2\/users\/1"}],"replies":[{"embeddable":true,"href":"https:\/\/nicolas-rivault.fr\/index.php\/wp-json\/wp\/v2\/comments?post=123"}],"version-history":[{"count":12,"href":"https:\/\/nicolas-rivault.fr\/index.php\/wp-json\/wp\/v2\/pages\/123\/revisions"}],"predecessor-version":[{"id":381,"href":"https:\/\/nicolas-rivault.fr\/index.php\/wp-json\/wp\/v2\/pages\/123\/revisions\/381"}],"wp:attachment":[{"href":"https:\/\/nicolas-rivault.fr\/index.php\/wp-json\/wp\/v2\/media?parent=123"}],"curies":[{"name":"wp","href":"https:\/\/api.w.org\/{rel}","templated":true}]}}