{"id":117,"date":"2017-05-17T07:23:31","date_gmt":"2017-05-17T06:23:31","guid":{"rendered":"http:\/\/nicolas-rivault.fr\/?page_id=117"},"modified":"2021-12-08T18:15:49","modified_gmt":"2021-12-08T17:15:49","slug":"atome","status":"publish","type":"page","link":"https:\/\/nicolas-rivault.fr\/index.php\/atome\/","title":{"rendered":"Atome"},"content":{"rendered":"<p>Symbole \u00e0 la fois du plus grand et du plus petit, cette forme est commune \u00e0 tout ce qui existe dans notre monde.<\/p>\n<p>De l\u2019infiniment petit (les atomes) jusqu&rsquo;\u00e0 l\u2019infiniment grand (la valse des plan\u00e8tes autour de notre soleil), voire encore plus loin (notre galaxie).<\/p>\n<p><img loading=\"lazy\" class=\"alignnone wp-image-102\" src=\"http:\/\/nicolas-rivault.fr\/wp-content\/uploads\/2017\/05\/atome-light.jpg\" alt=\"atome light\" width=\"360\" height=\"386\" srcset=\"https:\/\/nicolas-rivault.fr\/wp-content\/uploads\/2017\/05\/atome-light.jpg 768w, https:\/\/nicolas-rivault.fr\/wp-content\/uploads\/2017\/05\/atome-light-280x300.jpg 280w\" sizes=\"(max-width: 360px) 100vw, 360px\" \/> <img loading=\"lazy\" class=\"alignnone wp-image-119\" src=\"http:\/\/nicolas-rivault.fr\/wp-content\/uploads\/2017\/05\/atome-indigo-light.jpg\" alt=\"atome indigo light\" width=\"385\" height=\"386\" srcset=\"https:\/\/nicolas-rivault.fr\/wp-content\/uploads\/2017\/05\/atome-indigo-light.jpg 336w, https:\/\/nicolas-rivault.fr\/wp-content\/uploads\/2017\/05\/atome-indigo-light-150x150.jpg 150w, https:\/\/nicolas-rivault.fr\/wp-content\/uploads\/2017\/05\/atome-indigo-light-300x300.jpg 300w\" sizes=\"(max-width: 385px) 100vw, 385px\" \/><\/p>\n<p>&nbsp;<\/p>\n<p>Cette forme est le parfait support \u00e0 utiliser pour les d\u00e9programmations\/reprogrammations des sch\u00e9mas mentaux ou r\u00e9p\u00e9titifs, des peurs.<\/p>\n<p>D&rsquo;un diam\u00e8tre de 22 cm ou 37 cm, elle existe avec deux fonds diff\u00e9rents (bleu ciel photo du haut, bleu indigo photo du bas), et peut \u00eatre r\u00e9alis\u00e9e dans plusieurs essence de bois (h\u00eatre photo du haut, peuplier photo du bas).<\/p>\n<p>&nbsp;<\/p>\n<p><strong>Tarifs :<\/strong><\/p>\n<ul>\n<li><strong>Petit format<\/strong> (diam\u00e8tre 200 mm):<\/li>\n<\/ul>\n<p style=\"padding-left: 60px;\">en h\u00eatre&nbsp; <strong>100\u20ac<\/strong><\/p>\n<p style=\"padding-left: 60px;\">en ch\u00eane <strong>110\u20ac<\/strong><\/p>\n<ol>\n<li><strong>Grand format<\/strong> (diam\u00e8tre 370 mm)<\/li>\n<\/ol>\n<p style=\"padding-left: 60px;\">en <strong>peuplier 140\u20ac<\/strong><\/p>\n<p style=\"padding-left: 60px;\">en h\u00eatre<strong> 150\u20ac<\/strong><\/p>\n<p style=\"padding-left: 60px;\">en ch\u00eane <strong>160\u20ac<\/strong><\/p>\n<p>&nbsp;<\/p>\n","protected":false},"excerpt":{"rendered":"<p>Symbole \u00e0 la fois du plus grand et du plus petit, cette forme est commune \u00e0 tout ce qui existe dans notre monde. De l\u2019infiniment petit (les atomes) jusqu&rsquo;\u00e0 l\u2019infiniment grand (la valse des plan\u00e8tes autour de notre soleil), voire &hellip; <a href=\"https:\/\/nicolas-rivault.fr\/index.php\/atome\/\">Lire la suite\u00ad\u00ad<\/a><\/p>\n","protected":false},"author":1,"featured_media":0,"parent":0,"menu_order":0,"comment_status":"closed","ping_status":"closed","template":"","meta":{"kt_blocks_editor_width":"","spay_email":""},"_links":{"self":[{"href":"https:\/\/nicolas-rivault.fr\/index.php\/wp-json\/wp\/v2\/pages\/117"}],"collection":[{"href":"https:\/\/nicolas-rivault.fr\/index.php\/wp-json\/wp\/v2\/pages"}],"about":[{"href":"https:\/\/nicolas-rivault.fr\/index.php\/wp-json\/wp\/v2\/types\/page"}],"author":[{"embeddable":true,"href":"https:\/\/nicolas-rivault.fr\/index.php\/wp-json\/wp\/v2\/users\/1"}],"replies":[{"embeddable":true,"href":"https:\/\/nicolas-rivault.fr\/index.php\/wp-json\/wp\/v2\/comments?post=117"}],"version-history":[{"count":13,"href":"https:\/\/nicolas-rivault.fr\/index.php\/wp-json\/wp\/v2\/pages\/117\/revisions"}],"predecessor-version":[{"id":431,"href":"https:\/\/nicolas-rivault.fr\/index.php\/wp-json\/wp\/v2\/pages\/117\/revisions\/431"}],"wp:attachment":[{"href":"https:\/\/nicolas-rivault.fr\/index.php\/wp-json\/wp\/v2\/media?parent=117"}],"curies":[{"name":"wp","href":"https:\/\/api.w.org\/{rel}","templated":true}]}}