{"id":100,"date":"2017-05-16T22:00:42","date_gmt":"2017-05-16T21:00:42","guid":{"rendered":"http:\/\/nicolas-rivault.fr\/?page_id=100"},"modified":"2018-04-24T12:54:10","modified_gmt":"2018-04-24T11:54:10","slug":"graine-de-vie","status":"publish","type":"page","link":"https:\/\/nicolas-rivault.fr\/index.php\/graine-de-vie\/","title":{"rendered":"Graine de vie"},"content":{"rendered":"<p>Cette forme g\u00e9om\u00e9trique est le symbole de la cr\u00e9ation de la vie.<\/p>\n<p><img loading=\"lazy\" class=\"wp-image-106 alignleft\" src=\"http:\/\/nicolas-rivault.fr\/wp-content\/uploads\/2017\/05\/graine-de-vie-light.jpg\" alt=\"graine de vie light\" width=\"274\" height=\"255\" srcset=\"https:\/\/nicolas-rivault.fr\/wp-content\/uploads\/2017\/05\/graine-de-vie-light.jpg 825w, https:\/\/nicolas-rivault.fr\/wp-content\/uploads\/2017\/05\/graine-de-vie-light-300x279.jpg 300w, https:\/\/nicolas-rivault.fr\/wp-content\/uploads\/2017\/05\/graine-de-vie-light-768x715.jpg 768w\" sizes=\"(max-width: 274px) 100vw, 274px\" \/><\/p>\n<p>&nbsp;<\/p>\n<p>&nbsp;<\/p>\n<p>&nbsp;<\/p>\n<p>&nbsp;<\/p>\n<p>&nbsp;<\/p>\n<p>&nbsp;<\/p>\n<p>&nbsp;<\/p>\n<p>&nbsp;<\/p>\n<p>&nbsp;<\/p>\n<p>&nbsp;<\/p>\n<p>C&rsquo;est une vue (projet\u00e9e en 2 dimensions) de la construction g\u00e9om\u00e9trique des 7 premi\u00e8res cellules du corps humain lors des divisions cellulaires initiales.<\/p>\n<p>&nbsp;<\/p>\n<p>Elle nous permet de renforcer notre connexion cosmo-tellurique, de nettoyer, d&rsquo;harmoniser et de charger nos Chakras deux par deux.<\/p>\n<p>En compl\u00e9ment, elle favorise l&rsquo;\u00e9coulement des \u00e9nergies transport\u00e9es via les Nadis (tubes d&rsquo;\u00e9nergie reliant les chakras)<\/p>\n<p>&nbsp;<\/p>\n<ul>\n<li>Utilis\u00e9es pos\u00e9es \u00e0 l&rsquo;horizontale au sol, elles favorisent notre bien-\u00eatre personnel.<\/li>\n<li>Accroch\u00e9es au mur, ou sur un support (position verticale), elles \u00e9mettent une \u00e9nergie d&rsquo;ambiance, plus douce qui va nourrir le lieu o\u00f9 elles sont localis\u00e9es.<\/li>\n<\/ul>\n<p>Dans les deux cas, le changement de leur orientation permet de modifier leurs \u00e9missions de formes et d&rsquo;ajuster \u00e0 volont\u00e9 en fonction de nos besoins.<\/p>\n<p>&nbsp;<\/p>\n<p><strong>Tarifs :<\/strong><\/p>\n<ul>\n<li><strong>Petit format<\/strong> (diam\u00e8tre 186 mm)<\/li>\n<\/ul>\n<p style=\"padding-left: 60px;\">Peuplier <strong>40\u20ac<\/strong><\/p>\n<p style=\"padding-left: 60px;\">H\u00eatre <strong>50\u20ac<\/strong><\/p>\n<p style=\"padding-left: 60px;\">Ch\u00eane <strong>55\u20ac<\/strong><\/p>\n<p>&nbsp;<\/p>\n<ul>\n<li><strong>Grand format<\/strong> (diam\u00e8tre 374 mm)<\/li>\n<\/ul>\n<p style=\"padding-left: 60px;\">Peuplier <strong>80\u20ac<\/strong><\/p>\n<p style=\"padding-left: 60px;\">H\u00eatre <strong>100\u20ac<\/strong><\/p>\n<p style=\"padding-left: 60px;\">Ch\u00eane <strong>110\u20ac<\/strong><\/p>\n<p>&nbsp;<\/p>\n<p>&nbsp;<\/p>\n","protected":false},"excerpt":{"rendered":"<p>Cette forme g\u00e9om\u00e9trique est le symbole de la cr\u00e9ation de la vie. &nbsp; &nbsp; &nbsp; &nbsp; &nbsp; &nbsp; &nbsp; &nbsp; &nbsp; &nbsp; C&rsquo;est une vue (projet\u00e9e en 2 dimensions) de la construction g\u00e9om\u00e9trique des 7 premi\u00e8res cellules du corps humain &hellip; <a href=\"https:\/\/nicolas-rivault.fr\/index.php\/graine-de-vie\/\">Lire la suite\u00ad\u00ad<\/a><\/p>\n","protected":false},"author":1,"featured_media":0,"parent":0,"menu_order":0,"comment_status":"closed","ping_status":"closed","template":"","meta":{"kt_blocks_editor_width":"","spay_email":""},"_links":{"self":[{"href":"https:\/\/nicolas-rivault.fr\/index.php\/wp-json\/wp\/v2\/pages\/100"}],"collection":[{"href":"https:\/\/nicolas-rivault.fr\/index.php\/wp-json\/wp\/v2\/pages"}],"about":[{"href":"https:\/\/nicolas-rivault.fr\/index.php\/wp-json\/wp\/v2\/types\/page"}],"author":[{"embeddable":true,"href":"https:\/\/nicolas-rivault.fr\/index.php\/wp-json\/wp\/v2\/users\/1"}],"replies":[{"embeddable":true,"href":"https:\/\/nicolas-rivault.fr\/index.php\/wp-json\/wp\/v2\/comments?post=100"}],"version-history":[{"count":10,"href":"https:\/\/nicolas-rivault.fr\/index.php\/wp-json\/wp\/v2\/pages\/100\/revisions"}],"predecessor-version":[{"id":226,"href":"https:\/\/nicolas-rivault.fr\/index.php\/wp-json\/wp\/v2\/pages\/100\/revisions\/226"}],"wp:attachment":[{"href":"https:\/\/nicolas-rivault.fr\/index.php\/wp-json\/wp\/v2\/media?parent=100"}],"curies":[{"name":"wp","href":"https:\/\/api.w.org\/{rel}","templated":true}]}}